{"id":912,"date":"2022-02-24T14:11:37","date_gmt":"2022-02-24T12:11:37","guid":{"rendered":"https:\/\/epic-project.eu\/about\/"},"modified":"2026-03-09T12:48:57","modified_gmt":"2026-03-09T10:48:57","slug":"about","status":"publish","type":"page","link":"https:\/\/epic-project.eu\/sq\/about\/","title":{"rendered":"Rreth projektit"},"content":{"rendered":"<div>Projekti EPIC njeh r\u00ebnd\u00ebsin\u00eb e Qytetaris\u00eb Aktive n\u00eb nxitjen e ndryshimeve shoq\u00ebrore dhe adresimin e sfidave sociale. N\u00ebp\u00ebrmjet projektit, pun\u00ebnj\u00ebsit rinor\u00eb dhe t\u00eb rinjt\u00eb n\u00eb Ballkanin Per\u00ebndimor do t\u00eb fuqizohen duke  identifikuar \u00e7\u00ebshtje shoq\u00ebrore dhe t\u00eb zhvillojn\u00eb idet\u00eb e tyre p\u00ebr nd\u00ebrmarrjet sociale. EPIC ka p\u00ebr q\u00ebllim t\u00eb bashkoj\u00eb parimet e qytetaris\u00eb aktive dhe nd\u00ebrmarrjeve sociale p\u00ebr t\u00eb drejtuar dhe mb\u00ebshtetur t\u00eb rinjt\u00eb n\u00eb transformimin e ideve t\u00eb tyre n\u00eb biznese t\u00eb suksesshme, duke krijuar k\u00ebshtu mund\u00ebsi kuptimplota pun\u00ebsimi dhe duke adresuar sfida shoq\u00ebrore. <\/div>\n<div>EPIC \u00ebsht\u00eb nj\u00eb projekt bashk\u00ebpunimi midis Qipros, Greqis\u00eb, Shqip\u00ebris\u00eb, Kosov\u00ebs dhe Bosnje Hercegovines. <\/div>\n<ul>\n<li>\n<h3>Rreth projektit<\/h3>\n<div>Projekti EPIC \u00ebsht\u00eb konceptuar duke njohur rolin transformues q\u00eb Qytetaria Aktive mund t\u00eb luaj\u00eb n\u00eb shoq\u00ebri, duke krijuar hap\u00ebsira p\u00ebr veprime dhe iniciativa t\u00eb udh\u00ebhequra nga qytetar\u00ebt p\u00ebr t\u00eb adresuar \u00e7\u00ebshtjet dhe sfidat sociale, q\u00eb veprojn\u00eb si shtyt\u00ebse t\u00eb ndryshimit. P\u00ebr m\u00eb tep\u00ebr, Sip\u00ebrmarrjen Sociale perceptohet si nj\u00eb form\u00eb biznesi q\u00eb \u00ebsht\u00eb e nd\u00ebrlidhur me Qytetaris\u00eb Aktive dhe si shprehje e saj.<\/div>\n<\/li>\n<li>\n<h3>Q\u00ebllimi i Projektit<\/h3>\n<div>\n<ul>\n<li>Nxitja e bashk\u00ebpunimit n\u00eb rajone t\u00eb ndryshme t\u00eb bot\u00ebs p\u00ebrmes iniciativave t\u00eb p\u00ebrbashk\u00ebta;<\/li>\n<li>Ngritja e kapaciteteve t\u00eb organizatave q\u00eb punojn\u00eb me t\u00eb rinjt\u00eb jasht\u00eb m\u00ebsimidh\u00ebnies formale<\/li>\n<li>Mb\u00ebshtetja e zhvillimit t\u00eb pun\u00ebs me t\u00eb rinjt\u00eb;<\/li>\n<li>Promovimi i aktiviteteve t\u00eb t\u00eb m\u00ebsuarit jo-formal, me synimin p\u00ebr t\u00eb p\u00ebrmir\u00ebsuar nivelin e kompetencave duke siguruar pjes\u00ebmarrjen aktive t\u00eb t\u00eb rinjve n\u00eb shoq\u00ebri<\/li>\n<\/ul>\n<\/div>\n<\/li>\n<li>\n<h3>Objektiva Specifike<\/h3>\n<div>\n<p><span style=\"font-weight: 400;\"><strong>1.<\/strong> Zhvillimi i mjeteve edukative dhe burimore p\u00ebr ngritjen e kapaciteteve dhe fuqizimin e organizatave rinore n\u00eb Shqip\u00ebri, Bosnje dhe Herzegovin\u00eb dhe Kosov\u00eb, n\u00eb fush\u00ebn e sip\u00ebrmarrjes sociale<\/span><\/p>\n<p><span style=\"font-weight: 400;\"><strong>2.<\/strong> Edukimi dhe fuqizimi i t\u00eb rinjve p\u00ebr t\u00eb zhvilluar dhe menaxhuar nd\u00ebrmarrjet sociale <\/span><\/p>\n<p><span style=\"font-weight: 400;\"><strong>3.<\/strong> Nd\u00ebrtimi i koncepteve dhe kapaciteteve t\u00eb punonj\u00ebsve rinor\u00eb dhe organizatave rinore p\u00ebr t\u00eb promovuar pjes\u00ebmarrjen aktive dhe sip\u00ebrmarrjen sociale.<\/span><\/p>\n<p><span style=\"font-weight: 400;\"><strong>4.<\/strong> Rritja e nd\u00ebrgjegj\u00ebsimit p\u00ebr \u00e7\u00ebshtjet kryesore sociale (p.sh. mjedisi, p\u00ebrfshirja) dhe kontributi q\u00eb mund t\u00eb ken\u00eb nd\u00ebrmarrjet sociale n\u00eb nivel lokal, komb\u00ebtar dhe nd\u00ebrkomb\u00ebtar.<\/span><\/p>\n<p><span style=\"font-weight: 400;\"><strong>5.<\/strong> Krijimi i hap\u00ebsir\u00ebs p\u00ebr zhvillimin e nj\u00eb strukture mb\u00ebshtet\u00ebse p\u00ebr t\u00eb rinjt\u00eb p\u00ebr t&#8217;u p\u00ebrfshir\u00eb n\u00eb m\u00ebnyr\u00eb aktive n\u00eb fush\u00ebn e sip\u00ebrmarrjes sociale.<\/span><\/p>\n<p><span style=\"font-weight: 400;\"><strong>6.<\/strong> Zhvillimi i ekosistemit mbi sip\u00ebrmarrjen sociale n\u00eb vendet zbatuese.<\/span><\/p>\n<\/div>\n<\/li>\n<li>\n<h3>Burimet<\/h3>\n<div>\n<ul>\n<li>Raport Komb\u00ebtar dhe Nd\u00ebrkomb\u00ebtar mbi Sip\u00ebrmarrjen Rinore dhe Sociale n\u00eb Shqip\u00ebri, Bosnj\u00eb Hercegovin\u00eb dhe Kosov\u00eb<\/li>\n<li>Manuali p\u00ebr Trajnimin e Trajner\u00ebve- Kurrikula mbi Sip\u00ebrmarrjen Sociale<\/li>\n<li>Mjedisi m\u00ebsimor dixhital me nj\u00eb kurs online dhe Mjete p\u00ebr Punonj\u00ebsit Rinor\u00eb dhe T\u00eb Rinjt\u00eb<\/li>\n<li>Hackathons &amp; Konferenca P\u00ebrfundimtare e Sip\u00ebrmarrjes Sociale Komb\u00ebtare<\/li>\n<\/ul>\n<\/div>\n<\/li>\n<\/ul>\n<p><img decoding=\"async\" src=\"\/wp-content\/uploads\/2024\/05\/EPIC-About-07.svg\" alt=\"About EPIC project\"><\/p>\n<h1>Partner\u00ebt<\/h1>\n<ul>\n<li>\n<p>        <img decoding=\"async\" src=\"\/wp-content\/uploads\/2026\/03\/KMOP-education-hub-01.svg\" alt=\"KMOP-education-hub\"><\/p>\n<h3>KMOP \u2013 Qendra Sociale e Veprimit dhe Inovacionit<\/h3>\n<div>KMOP \u2013 Qendra Sociale e Veprimit dhe Inovacionit, e themeluar n\u00eb vitin 1977, \u00ebsht\u00eb nj\u00eb nga organizatat m\u00eb t\u00eb vjetra t\u00eb shoq\u00ebris\u00eb civile n\u00eb Greqi q\u00eb ofron sh\u00ebrbime t\u00eb mb\u00ebshtetjes sociale dhe zbaton programe t\u00eb ndryshme q\u00eb synojn\u00eb fuqizimin dhe rritjen e mir\u00ebqenies s\u00eb individ\u00ebve dhe komuniteteve.<\/div>\n<p><a href=\"https:\/\/www.kmop.gr\/\">Uebfaqe<\/a><\/p>\n<\/li>\n<li>\n<p>        <img decoding=\"async\" src=\"\/wp-content\/uploads\/2026\/03\/Sarajevo-meeting-of-cultures.png\" alt=\"Sarajevo-meeting-of-cultures\"><\/p>\n<h3>Sarajev\u00eb, Vendtakimi i Kulturave (SMOC)<\/h3>\n<div>Sarajevo Meeting of Cultures (SMOC)  \u00ebsht\u00eb nj\u00eb organizat\u00eb joqeveritare dhe jofitimprur\u00ebse e themeluar n\u00eb vitin 2012 me objektivin kryesor t\u00eb nxjerrjes n\u00eb pah dhe vler\u00ebrsimit t\u00eb trash\u00ebgimis\u00eb s\u00eb larmishme kulturore t\u00eb Bosnj\u00eb dhe Hercegovin\u00ebs. Fokusi yn\u00eb kryesor \u00ebsht\u00eb n\u00eb promovimin e Sarajev\u00ebs dhe Bosnj\u00eb-Hercegovin\u00ebs si simbole t\u00eb toleranc\u00ebs, paqes dhe bashk\u00ebjetes\u00ebn harmonike t\u00eb kulturave t\u00eb ndryshme. Sarajevo Meeting of Cultures (SMOC) vler\u00ebsohet p\u00ebr aft\u00ebsit\u00eb n\u00eb angazhimin e t\u00eb rinjve, duke p\u00ebrdorur strategji dinamike p\u00ebr t\u00eb fuqizuar individ\u00ebt e rinj dhe p\u00ebr t\u00eb kultivuar kreativitet. Me mbi 25 vjet p\u00ebrvoj\u00eb kolektive, ekipi yn\u00eb sh\u00ebrben si nj\u00eb katalizator p\u00ebr p\u00ebrparimin shoq\u00ebror, duke p\u00ebrdorur lidershipin profesional p\u00ebr t\u00eb nxitur ndryshime me ndikim, duke mbetur i p\u00ebrkushtuar p\u00ebr avancimin e arsimit t\u00eb lart\u00eb, nxitjen e dialogut nd\u00ebrkulturor, promovimin e turizmit kulturor dhe advokimin p\u00ebr p\u00ebrfshirjen sociale p\u00ebrmes iniciativave t\u00eb ndryshme.<\/div>\n<p><a href=\"https:\/\/smoc.ba\/en\/home\">Uebfaqe<\/a><\/p>\n<\/li>\n<li>\n<p>        <img decoding=\"async\" src=\"\/wp-content\/uploads\/2026\/03\/People-in-Focus-PiF.png\" alt=\"People-in-Focus-PiF\"><\/p>\n<h3>People in Focus (PiF)<\/h3>\n<div>People in Focus (PiF) \u00ebsht\u00eb nj\u00eb organizat\u00eb jofitimprur\u00ebse, joqeveritare, jopolitike dhe e pavarur me seli n\u00eb Tiran\u00eb, Shqip\u00ebri. PiF punon n\u00eb fush\u00ebn e t\u00eb drejtave t\u00eb njeriut dhe p\u00ebrfshirjes sociale, dialogut nd\u00ebrkulturor, qytetaris\u00eb aktive, demokracis\u00eb, edukimit mediatik dhe fuqizimit t\u00eb t\u00eb rinjve. P\u00ebr m\u00eb tep\u00ebr, angazhimi i PIF  vijon n\u00eb mjedisin e q\u00ebndruesh\u00ebm dhe tregun e pun\u00ebs p\u00ebrmes AFP-s\u00eb dhe sip\u00ebrmarrjes sociale.<\/div>\n<p><a href=\"https:\/\/peopleinfocus.org\/en\/kreu-english\/\">Uebfaqe<\/a><\/p>\n<\/li>\n<li>\n<p>        <img decoding=\"async\" src=\"\/wp-content\/uploads\/2026\/03\/penlogo.png\" alt=\"Peer Educators Network (PEN)\"><\/p>\n<h3>Rrjeti i Edukator\u00ebve Bashk\u00ebmoshatar\u00eb (PEN)<\/h3>\n<div>Rrjeti i Edukator\u00ebve Bashk\u00ebmoshatar\u00eb\/Peer Educators Network (PEN) \u00ebsht\u00eb nj\u00eb organizat\u00eb rinore joqeveritare dhe jofitimprur\u00ebse e themeluar n\u00eb vitin 2008. Fushat tona kryesore t\u00eb pun\u00ebs jan\u00eb fuqizimi dhe pun\u00ebsimi i t\u00eb rinjve, vullnetarizmi, barazia gjinore, inovacionet sociale dhe sip\u00ebrmarrja, m\u00ebnyra e jetes\u00ebs s\u00eb sh\u00ebndetshme, kund\u00ebr dhun\u00ebs, mjedisi dhe p\u00ebrfshirja sociale. Selia e PEN-it \u00ebsht\u00eb n\u00eb Prishtin\u00eb, por ne jemi aktiv\u00eb n\u00eb t\u00eb gjitha rajonet e Kosov\u00ebs. PEN ka nj\u00eb rrjet t\u00eb gjer\u00eb t\u00eb vullnetar\u00ebve dhe aktivist\u00ebve aktiv\u00eb n\u00eb mbar\u00eb Kosov\u00ebn, duke vepruar si agjent\u00eb t\u00eb ndryshimeve pozitive n\u00eb komunitetet e tyre.<\/div>\n<p><a href=\"https:\/\/ngo-pen.com\/\">Uebfaqe<\/a><\/p>\n<\/li>\n<li>\n<p>        <img decoding=\"async\" src=\"\/wp-content\/uploads\/2026\/03\/INNOVADE-LI.svg\" alt=\"INNOVADE LI\"><\/p>\n<h3>Innovade LI<\/h3>\n<div>Misioni yn\u00eb \u00ebsht\u00eb t&#8217;u ofrojm\u00eb klient\u00ebve tan\u00eb dhe organizatave tona partnere nj\u00eb nivel t\u00eb pakrahasuesh\u00ebm t\u00eb mb\u00ebshtetjes s\u00eb ekspert\u00ebve, p\u00ebr t&#8217;u mund\u00ebsuar atyre t\u00eb p\u00ebrcaktojn\u00eb dhe arrijn\u00eb objektivat e tyre operacionale dhe q\u00ebllimet strategjike afatgjata. Ne i ndihmojm\u00eb klient\u00ebt tan\u00eb t\u00eb bashkojn\u00eb p\u00ebrparimet teknologjike dhe mjetet e produktivitetit n\u00eb pro\u00e7eset e tyre, n\u00eb m\u00ebnyr\u00eb q\u00eb t\u00eb p\u00ebrmir\u00ebsojn\u00eb performanc\u00ebn, t\u00eb rrisin produktivitetin dhe t\u00eb nxisin p\u00ebrfitimin.<\/div>\n<p><a href=\"https:\/\/www.innovade.eu\/\">Uebfaqe<\/a><\/p>\n<\/li>\n<li>\n<p>        <img decoding=\"async\" src=\"\/wp-content\/uploads\/2026\/03\/CARDET.svg\" alt=\"CARDET\"><\/p>\n<h3>CARDET<\/h3>\n<div>CARDET \u00ebsht\u00eb qendra kryesore e k\u00ebrkimit dhe zhvillimit n\u00eb rajonin e Mesdheut me ekspertiz\u00eb globale n\u00eb arsimin e AFP-s\u00eb, aft\u00ebsit\u00eb dixhitale t\u00eb sip\u00ebrmarrjes dhe nd\u00ebrtimin e kapaciteteve. Si qendra m\u00eb e madhe e pavarur jofitimprur\u00ebse me baz\u00eb n\u00eb Qipro, CARDET \u00ebsht\u00eb e lidhur n\u00eb m\u00ebnyr\u00eb t\u00eb pavarur me universitete dhe institucione nga e gjith\u00eb bota, si Universiteti Yale, Universiteti i Nikosias dhe K\u00ebshilli Nd\u00ebrkomb\u00ebtar i Mediave Arsimore.<\/div>\n<p><a href=\"https:\/\/cardet.org\/\">Uebfaqe<\/a><\/p>\n<\/li>\n<\/ul>\n<p><!--more--><br \/>\n<!-- {\"type\":\"layout\",\"children\":[{\"type\":\"section\",\"props\":{\"animation\":\"fade\",\"animation_delay\":\"300\",\"image_position\":\"center-center\",\"padding_remove_bottom\":true,\"padding_remove_top\":false,\"style\":\"default\",\"title_breakpoint\":\"xl\",\"title_position\":\"top-left\",\"title_rotation\":\"left\",\"vertical_align\":\"\",\"width\":\"default\"},\"children\":[{\"type\":\"row\",\"children\":[{\"type\":\"column\",\"props\":{\"image_position\":\"center-center\",\"position_sticky_breakpoint\":\"m\"},\"children\":[{\"type\":\"headline\",\"props\":{\"text_align\":\"left\",\"title_element\":\"h1\",\"title_style\":\"heading-medium\"},\"name\":\"headline-pages\",\"source\":{\"query\":{\"name\":\"pages.singlePage\"},\"props\":{\"content\":{\"filters\":{\"search\":\"\"},\"name\":\"title\"}}}}]}]},{\"type\":\"row\",\"props\":{\"layout\":\"1-2,1-2\"},\"children\":[{\"type\":\"column\",\"props\":{\"image_position\":\"center-center\",\"position_sticky_breakpoint\":\"m\",\"width_medium\":\"1-2\"},\"children\":[{\"type\":\"text\",\"props\":{\"column_breakpoint\":\"m\",\"content\":\"Projekti EPIC njeh r\\u00ebnd\\u00ebsin\\u00eb e Qytetaris\\u00eb Aktive n\\u00eb nxitjen e ndryshimeve shoq\\u00ebrore dhe adresimin e sfidave sociale. N\\u00ebp\\u00ebrmjet projektit, pun\\u00ebnj\\u00ebsit rinor\\u00eb dhe t\\u00eb rinjt\\u00eb n\\u00eb Ballkanin Per\\u00ebndimor do t\\u00eb fuqizohen duke  identifikuar \\u00e7\\u00ebshtje shoq\\u00ebrore dhe t\\u00eb zhvillojn\\u00eb idet\\u00eb e tyre p\\u00ebr nd\\u00ebrmarrjet sociale. EPIC ka p\\u00ebr q\\u00ebllim t\\u00eb bashkoj\\u00eb parimet e qytetaris\\u00eb aktive dhe nd\\u00ebrmarrjeve sociale p\\u00ebr t\\u00eb drejtuar dhe mb\\u00ebshtetur t\\u00eb rinjt\\u00eb n\\u00eb transformimin e ideve t\\u00eb tyre n\\u00eb biznese t\\u00eb suksesshme, duke krijuar k\\u00ebshtu mund\\u00ebsi kuptimplota pun\\u00ebsimi dhe duke adresuar sfida shoq\\u00ebrore. \",\"margin\":\"default\"}},{\"type\":\"text\",\"props\":{\"column_breakpoint\":\"m\",\"content\":\"EPIC \\u00ebsht\\u00eb nj\\u00eb projekt bashk\\u00ebpunimi midis Qipros, Greqis\\u00eb, Shqip\\u00ebris\\u00eb, Kosov\\u00ebs dhe Bosnje Hercegovines. \",\"margin\":\"default\"}},{\"name\":\"Accordion Image Top\",\"type\":\"accordion\",\"children\":[{\"type\":\"accordion_item\",\"props\":{\"content\":\"Projekti EPIC \\u00ebsht\\u00eb konceptuar duke njohur rolin transformues q\\u00eb Qytetaria Aktive mund t\\u00eb luaj\\u00eb n\\u00eb shoq\\u00ebri, duke krijuar hap\\u00ebsira p\\u00ebr veprime dhe iniciativa t\\u00eb udh\\u00ebhequra nga qytetar\\u00ebt p\\u00ebr t\\u00eb adresuar \\u00e7\\u00ebshtjet dhe sfidat sociale, q\\u00eb veprojn\\u00eb si shtyt\\u00ebse t\\u00eb ndryshimit. P\\u00ebr m\\u00eb tep\\u00ebr, Sip\\u00ebrmarrjen Sociale perceptohet si nj\\u00eb form\\u00eb biznesi q\\u00eb \\u00ebsht\\u00eb e nd\\u00ebrlidhur me Qytetaris\\u00eb Aktive dhe si shprehje e saj.\",\"image\":\"\",\"title\":\"Rreth projektit\"}},{\"type\":\"accordion_item\",\"props\":{\"content\":\"\n\n<ul>\\n\n\n<li>Nxitja e bashk\\u00ebpunimit n\\u00eb rajone t\\u00eb ndryshme t\\u00eb bot\\u00ebs p\\u00ebrmes iniciativave t\\u00eb p\\u00ebrbashk\\u00ebta;<\\\/li>\\n    \\n\n\n<li>Ngritja e kapaciteteve t\\u00eb organizatave q\\u00eb punojn\\u00eb me t\\u00eb rinjt\\u00eb jasht\\u00eb m\\u00ebsimidh\\u00ebnies formale<\\\/li>\\n    \\n\n\n<li>Mb\\u00ebshtetja e zhvillimit t\\u00eb pun\\u00ebs me t\\u00eb rinjt\\u00eb;<\\\/li>\\n    \\n\n\n<li>Promovimi i aktiviteteve t\\u00eb t\\u00eb m\\u00ebsuarit jo-formal, me synimin p\\u00ebr t\\u00eb p\\u00ebrmir\\u00ebsuar nivelin e kompetencave duke siguruar pjes\\u00ebmarrjen aktive t\\u00eb t\\u00eb rinjve n\\u00eb shoq\\u00ebri<\\\/li>\\n    \\n<\\\/ul>\",\"image\":\"\",\"title\":\"Q\\u00ebllimi i Projektit\"}},{\"type\":\"accordion_item\",\"props\":{\"content\":\"\n\n<p><span style=\\\"font-weight: 400;\\\"><strong>1.<\\\/strong> Zhvillimi i mjeteve edukative dhe burimore p\\u00ebr ngritjen e kapaciteteve dhe fuqizimin e organizatave rinore n\\u00eb Shqip\\u00ebri, Bosnje dhe Herzegovin\\u00eb dhe Kosov\\u00eb, n\\u00eb fush\\u00ebn e sip\\u00ebrmarrjes sociale<\\\/span><\\\/p>\\n\n\n<p><span style=\\\"font-weight: 400;\\\"><strong>2.<\\\/strong> Edukimi dhe fuqizimi i t\\u00eb rinjve p\\u00ebr t\\u00eb zhvilluar dhe menaxhuar nd\\u00ebrmarrjet sociale <\\\/span><\\\/p>\\n\n\n<p><span style=\\\"font-weight: 400;\\\"><strong>3.<\\\/strong> Nd\\u00ebrtimi i koncepteve dhe kapaciteteve t\\u00eb punonj\\u00ebsve rinor\\u00eb dhe organizatave rinore p\\u00ebr t\\u00eb promovuar pjes\\u00ebmarrjen aktive dhe sip\\u00ebrmarrjen sociale.<\\\/span><\\\/p>\\n\n\n<p><span style=\\\"font-weight: 400;\\\"><strong>4.<\\\/strong> Rritja e nd\\u00ebrgjegj\\u00ebsimit p\\u00ebr \\u00e7\\u00ebshtjet kryesore sociale (p.sh. mjedisi, p\\u00ebrfshirja) dhe kontributi q\\u00eb mund t\\u00eb ken\\u00eb nd\\u00ebrmarrjet sociale n\\u00eb nivel lokal, komb\\u00ebtar dhe nd\\u00ebrkomb\\u00ebtar.<\\\/span><\\\/p>\\n\n\n<p><span style=\\\"font-weight: 400;\\\"><strong>5.<\\\/strong> Krijimi i hap\\u00ebsir\\u00ebs p\\u00ebr zhvillimin e nj\\u00eb strukture mb\\u00ebshtet\\u00ebse p\\u00ebr t\\u00eb rinjt\\u00eb p\\u00ebr t'u p\\u00ebrfshir\\u00eb n\\u00eb m\\u00ebnyr\\u00eb aktive n\\u00eb fush\\u00ebn e sip\\u00ebrmarrjes sociale.<\\\/span><\\\/p>\\n\n\n<p><span style=\\\"font-weight: 400;\\\"><strong>6.<\\\/strong> Zhvillimi i ekosistemit mbi sip\\u00ebrmarrjen sociale n\\u00eb vendet zbatuese.<\\\/span><\\\/p>\",\"image\":\"\",\"title\":\"Objektiva Specifike\"}},{\"type\":\"accordion_item\",\"props\":{\"content\":\"\n\n<ul>\\n\n\n<li>Raport Komb\\u00ebtar dhe Nd\\u00ebrkomb\\u00ebtar mbi Sip\\u00ebrmarrjen Rinore dhe Sociale n\\u00eb Shqip\\u00ebri, Bosnj\\u00eb Hercegovin\\u00eb dhe Kosov\\u00eb<\\\/li>\\n\n\n<li>Manuali p\\u00ebr Trajnimin e Trajner\\u00ebve- Kurrikula mbi Sip\\u00ebrmarrjen Sociale<\\\/li>\\n\n\n<li>Mjedisi m\\u00ebsimor dixhital me nj\\u00eb kurs online dhe Mjete p\\u00ebr Punonj\\u00ebsit Rinor\\u00eb dhe T\\u00eb Rinjt\\u00eb<\\\/li>\\n\n\n<li>Hackathons &amp; Konferenca P\\u00ebrfundimtare e Sip\\u00ebrmarrjes Sociale Komb\\u00ebtare<\\\/li>\\n<\\\/ul>\",\"image\":\"\",\"title\":\"Burimet\"}}],\"props\":{\"class\":\"partners-accordion\",\"collapsible\":true,\"content_column_breakpoint\":\"m\",\"content_dropcap\":false,\"id\":\"accordion-image-top\",\"image_align\":\"top\",\"image_grid_breakpoint\":\"m\",\"image_grid_width\":\"1-2\",\"image_height\":\"300\",\"image_svg_color\":\"emphasis\",\"link_style\":\"primary\",\"link_target\":true,\"link_text\":\"[website_text]\",\"maxwidth\":\"large\",\"multiple\":false,\"show_image\":false,\"show_link\":true,\"text_align\":\"center\"}}]},{\"type\":\"column\",\"props\":{\"image_position\":\"center-center\",\"position_sticky_breakpoint\":\"m\",\"width_medium\":\"1-2\"},\"children\":[{\"type\":\"image\",\"props\":{\"block_align\":\"right\",\"block_align_breakpoint\":\"m\",\"block_align_fallback\":\"center\",\"image\":\"wp-content\\\/uploads\\\/2024\\\/05\\\/EPIC-About-07.svg\",\"image_alt\":\"About EPIC project\",\"image_svg_color\":\"emphasis\",\"image_width\":380,\"margin\":\"default\",\"maxwidth\":\"medium\",\"maxwidth_breakpoint\":\"m\",\"text_align\":\"center\",\"text_align_breakpoint\":\"m\",\"text_align_fallback\":\"center\"}}]}]}]},{\"type\":\"section\",\"props\":{\"animation\":\"slide-left-medium\",\"animation_delay\":\"200\",\"image_position\":\"center-center\",\"padding_remove_bottom\":true,\"padding_remove_top\":false,\"style\":\"default\",\"title_breakpoint\":\"xl\",\"title_position\":\"top-left\",\"title_rotation\":\"left\",\"vertical_align\":\"\",\"width\":\"default\"},\"children\":[{\"type\":\"row\",\"children\":[{\"type\":\"column\",\"props\":{\"image_position\":\"center-center\",\"position_sticky_breakpoint\":\"m\",\"width_medium\":\"2-3\"},\"children\":[{\"type\":\"headline\",\"props\":{\"content\":\"Partner\\u00ebt\",\"title_element\":\"h1\",\"title_style\":\"heading-small\"}},{\"name\":\"Partners Accordion\",\"type\":\"accordion\",\"children\":[{\"type\":\"accordion_item\",\"props\":{\"content\":\"KMOP \\u2013 Qendra Sociale e Veprimit dhe Inovacionit, e themeluar n\\u00eb vitin 1977, \\u00ebsht\\u00eb nj\\u00eb nga organizatat m\\u00eb t\\u00eb vjetra t\\u00eb shoq\\u00ebris\\u00eb civile n\\u00eb Greqi q\\u00eb ofron sh\\u00ebrbime t\\u00eb mb\\u00ebshtetjes sociale dhe zbaton programe t\\u00eb ndryshme q\\u00eb synojn\\u00eb fuqizimin dhe rritjen e mir\\u00ebqenies s\\u00eb individ\\u00ebve dhe komuniteteve.\",\"image\":\"wp-content\\\/uploads\\\/2026\\\/03\\\/KMOP-education-hub-01.svg\",\"image_alt\":\"KMOP-education-hub\",\"link\":\"https:\\\/\\\/www.kmop.gr\\\/\",\"title\":\"KMOP \\u2013 Qendra Sociale e Veprimit dhe Inovacionit\"}},{\"type\":\"accordion_item\",\"props\":{\"content\":\"Sarajevo Meeting of Cultures (SMOC)  \\u00ebsht\\u00eb nj\\u00eb organizat\\u00eb joqeveritare dhe jofitimprur\\u00ebse e themeluar n\\u00eb vitin 2012 me objektivin kryesor t\\u00eb nxjerrjes n\\u00eb pah dhe vler\\u00ebrsimit t\\u00eb trash\\u00ebgimis\\u00eb s\\u00eb larmishme kulturore t\\u00eb Bosnj\\u00eb dhe Hercegovin\\u00ebs. Fokusi yn\\u00eb kryesor \\u00ebsht\\u00eb n\\u00eb promovimin e Sarajev\\u00ebs dhe Bosnj\\u00eb-Hercegovin\\u00ebs si simbole t\\u00eb toleranc\\u00ebs, paqes dhe bashk\\u00ebjetes\\u00ebn harmonike t\\u00eb kulturave t\\u00eb ndryshme. Sarajevo Meeting of Cultures (SMOC) vler\\u00ebsohet p\\u00ebr aft\\u00ebsit\\u00eb n\\u00eb angazhimin e t\\u00eb rinjve, duke p\\u00ebrdorur strategji dinamike p\\u00ebr t\\u00eb fuqizuar individ\\u00ebt e rinj dhe p\\u00ebr t\\u00eb kultivuar kreativitet. Me mbi 25 vjet p\\u00ebrvoj\\u00eb kolektive, ekipi yn\\u00eb sh\\u00ebrben si nj\\u00eb katalizator p\\u00ebr p\\u00ebrparimin shoq\\u00ebror, duke p\\u00ebrdorur lidershipin profesional p\\u00ebr t\\u00eb nxitur ndryshime me ndikim, duke mbetur i p\\u00ebrkushtuar p\\u00ebr avancimin e arsimit t\\u00eb lart\\u00eb, nxitjen e dialogut nd\\u00ebrkulturor, promovimin e turizmit kulturor dhe advokimin p\\u00ebr p\\u00ebrfshirjen sociale p\\u00ebrmes iniciativave t\\u00eb ndryshme.\",\"image\":\"wp-content\\\/uploads\\\/2026\\\/03\\\/Sarajevo-meeting-of-cultures.png\",\"image_alt\":\"Sarajevo-meeting-of-cultures\",\"link\":\"https:\\\/\\\/smoc.ba\\\/en\\\/home\",\"title\":\"Sarajev\\u00eb, Vendtakimi i Kulturave (SMOC)\"}},{\"type\":\"accordion_item\",\"props\":{\"content\":\"People in Focus (PiF) \\u00ebsht\\u00eb nj\\u00eb organizat\\u00eb jofitimprur\\u00ebse, joqeveritare, jopolitike dhe e pavarur me seli n\\u00eb Tiran\\u00eb, Shqip\\u00ebri. PiF punon n\\u00eb fush\\u00ebn e t\\u00eb drejtave t\\u00eb njeriut dhe p\\u00ebrfshirjes sociale, dialogut nd\\u00ebrkulturor, qytetaris\\u00eb aktive, demokracis\\u00eb, edukimit mediatik dhe fuqizimit t\\u00eb t\\u00eb rinjve. P\\u00ebr m\\u00eb tep\\u00ebr, angazhimi i PIF  vijon n\\u00eb mjedisin e q\\u00ebndruesh\\u00ebm dhe tregun e pun\\u00ebs p\\u00ebrmes AFP-s\\u00eb dhe sip\\u00ebrmarrjes sociale.\",\"image\":\"wp-content\\\/uploads\\\/2026\\\/03\\\/People-in-Focus-PiF.png\",\"image_alt\":\"People-in-Focus-PiF\",\"link\":\"https:\\\/\\\/peopleinfocus.org\\\/en\\\/kreu-english\\\/\",\"title\":\"People in Focus (PiF)\"}},{\"type\":\"accordion_item\",\"props\":{\"content\":\"Rrjeti i Edukator\\u00ebve Bashk\\u00ebmoshatar\\u00eb\\\/Peer Educators Network (PEN) \\u00ebsht\\u00eb nj\\u00eb organizat\\u00eb rinore joqeveritare dhe jofitimprur\\u00ebse e themeluar n\\u00eb vitin 2008. Fushat tona kryesore t\\u00eb pun\\u00ebs jan\\u00eb fuqizimi dhe pun\\u00ebsimi i t\\u00eb rinjve, vullnetarizmi, barazia gjinore, inovacionet sociale dhe sip\\u00ebrmarrja, m\\u00ebnyra e jetes\\u00ebs s\\u00eb sh\\u00ebndetshme, kund\\u00ebr dhun\\u00ebs, mjedisi dhe p\\u00ebrfshirja sociale. Selia e PEN-it \\u00ebsht\\u00eb n\\u00eb Prishtin\\u00eb, por ne jemi aktiv\\u00eb n\\u00eb t\\u00eb gjitha rajonet e Kosov\\u00ebs. PEN ka nj\\u00eb rrjet t\\u00eb gjer\\u00eb t\\u00eb vullnetar\\u00ebve dhe aktivist\\u00ebve aktiv\\u00eb n\\u00eb mbar\\u00eb Kosov\\u00ebn, duke vepruar si agjent\\u00eb t\\u00eb ndryshimeve pozitive n\\u00eb komunitetet e tyre.\",\"image\":\"wp-content\\\/uploads\\\/2026\\\/03\\\/penlogo.png\",\"image_alt\":\"Peer Educators Network (PEN)\",\"link\":\"https:\\\/\\\/ngo-pen.com\\\/\",\"title\":\"Rrjeti i Edukator\\u00ebve Bashk\\u00ebmoshatar\\u00eb (PEN)\"}},{\"type\":\"accordion_item\",\"props\":{\"content\":\"Misioni yn\\u00eb \\u00ebsht\\u00eb t'u ofrojm\\u00eb klient\\u00ebve tan\\u00eb dhe organizatave tona partnere nj\\u00eb nivel t\\u00eb pakrahasuesh\\u00ebm t\\u00eb mb\\u00ebshtetjes s\\u00eb ekspert\\u00ebve, p\\u00ebr t'u mund\\u00ebsuar atyre t\\u00eb p\\u00ebrcaktojn\\u00eb dhe arrijn\\u00eb objektivat e tyre operacionale dhe q\\u00ebllimet strategjike afatgjata. Ne i ndihmojm\\u00eb klient\\u00ebt tan\\u00eb t\\u00eb bashkojn\\u00eb p\\u00ebrparimet teknologjike dhe mjetet e produktivitetit n\\u00eb pro\\u00e7eset e tyre, n\\u00eb m\\u00ebnyr\\u00eb q\\u00eb t\\u00eb p\\u00ebrmir\\u00ebsojn\\u00eb performanc\\u00ebn, t\\u00eb rrisin produktivitetin dhe t\\u00eb nxisin p\\u00ebrfitimin.\",\"image\":\"wp-content\\\/uploads\\\/2026\\\/03\\\/INNOVADE-LI.svg\",\"image_alt\":\"INNOVADE LI\",\"link\":\"https:\\\/\\\/www.innovade.eu\\\/\",\"title\":\"Innovade LI\"}},{\"type\":\"accordion_item\",\"props\":{\"content\":\"CARDET \\u00ebsht\\u00eb qendra kryesore e k\\u00ebrkimit dhe zhvillimit n\\u00eb rajonin e Mesdheut me ekspertiz\\u00eb globale n\\u00eb arsimin e AFP-s\\u00eb, aft\\u00ebsit\\u00eb dixhitale t\\u00eb sip\\u00ebrmarrjes dhe nd\\u00ebrtimin e kapaciteteve. Si qendra m\\u00eb e madhe e pavarur jofitimprur\\u00ebse me baz\\u00eb n\\u00eb Qipro, CARDET \\u00ebsht\\u00eb e lidhur n\\u00eb m\\u00ebnyr\\u00eb t\\u00eb pavarur me universitete dhe institucione nga e gjith\\u00eb bota, si Universiteti Yale, Universiteti i Nikosias dhe K\\u00ebshilli Nd\\u00ebrkomb\\u00ebtar i Mediave Arsimore.\",\"image\":\"wp-content\\\/uploads\\\/2026\\\/03\\\/CARDET.svg\",\"image_alt\":\"CARDET\",\"link\":\"https:\\\/\\\/cardet.org\\\/\",\"title\":\"CARDET\"}}],\"props\":{\"class\":\"partners-accordion\",\"collapsible\":true,\"content_column_breakpoint\":\"m\",\"content_dropcap\":false,\"id\":\"accordion-image-top\",\"image_align\":\"left\",\"image_grid_breakpoint\":\"m\",\"image_grid_width\":\"auto\",\"image_svg_color\":\"emphasis\",\"image_width\":200,\"link_style\":\"primary\",\"link_target\":true,\"link_text\":\"Uebfaqe\",\"maxwidth\":\"2xlarge\",\"multiple\":false,\"show_image\":true,\"show_link\":true,\"text_align\":\"left\"}}]},{\"type\":\"column\",\"props\":{\"image_position\":\"center-center\",\"position_sticky_breakpoint\":\"m\",\"width_medium\":\"1-3\"}}],\"props\":{\"layout\":\"2-3,1-3\"}}],\"name\":\"Partners (EN)\"}],\"version\":\"4.5.7\"} --><\/p>\n","protected":false},"excerpt":{"rendered":"<p>Projekti EPIC njeh r\u00ebnd\u00ebsin\u00eb e Qytetaris\u00eb Aktive n\u00eb nxitjen e ndryshimeve shoq\u00ebrore dhe adresimin e sfidave sociale. N\u00ebp\u00ebrmjet projektit, pun\u00ebnj\u00ebsit rinor\u00eb dhe t\u00eb rinjt\u00eb n\u00eb..<\/p>\n","protected":false},"author":1,"featured_media":0,"parent":0,"menu_order":0,"comment_status":"closed","ping_status":"closed","template":"","meta":{"_acf_changed":false,"inline_featured_image":false,"footnotes":""},"class_list":["post-912","page","type-page","status-publish","hentry"],"acf":[],"_links":{"self":[{"href":"https:\/\/epic-project.eu\/sq\/wp-json\/wp\/v2\/pages\/912","targetHints":{"allow":["GET"]}}],"collection":[{"href":"https:\/\/epic-project.eu\/sq\/wp-json\/wp\/v2\/pages"}],"about":[{"href":"https:\/\/epic-project.eu\/sq\/wp-json\/wp\/v2\/types\/page"}],"author":[{"embeddable":true,"href":"https:\/\/epic-project.eu\/sq\/wp-json\/wp\/v2\/users\/1"}],"replies":[{"embeddable":true,"href":"https:\/\/epic-project.eu\/sq\/wp-json\/wp\/v2\/comments?post=912"}],"version-history":[{"count":12,"href":"https:\/\/epic-project.eu\/sq\/wp-json\/wp\/v2\/pages\/912\/revisions"}],"predecessor-version":[{"id":2035,"href":"https:\/\/epic-project.eu\/sq\/wp-json\/wp\/v2\/pages\/912\/revisions\/2035"}],"wp:attachment":[{"href":"https:\/\/epic-project.eu\/sq\/wp-json\/wp\/v2\/media?parent=912"}],"curies":[{"name":"wp","href":"https:\/\/api.w.org\/{rel}","templated":true}]}}