{"id":1542,"date":"2025-05-28T15:24:34","date_gmt":"2025-05-28T13:24:34","guid":{"rendered":"https:\/\/epic-project.eu\/tot\/"},"modified":"2025-10-22T15:14:52","modified_gmt":"2025-10-22T13:14:52","slug":"tot","status":"publish","type":"page","link":"https:\/\/epic-project.eu\/sq\/tot\/","title":{"rendered":"Trajnimi i Trajner\u00ebve"},"content":{"rendered":"<div>\n<p>        <img decoding=\"async\" src=\"\/wp-content\/uploads\/2025\/03\/EPIC_Manual-16.svg\" alt=\"\"><\/p>\n<div>\n<p>Si pjes\u00eb e projektit Qytetaria Sip\u00ebrmarr\u00ebse p\u00ebr Ndryshim Social, punonj\u00ebs rinor\u00eb nga Shqip\u00ebria, Bosnja dhe Hercegovina dhe Kosova mor\u00ebn pjes\u00eb n\u00eb nj\u00eb trajnim dinamik t\u00eb Trajnimi t\u00eb Trajner\u00ebve dhe nj\u00eb vizit\u00eb studimore n\u00eb Athin\u00eb, Greqi.<br \/>\nGjat\u00eb tre dit\u00ebve intensive, trajnimet prek\u00ebn tema thelb\u00ebsore si modelet e bizneseve sociale, Korniza EntreComp, dhe m\u00ebnyrat p\u00ebr t\u00eb identifikuar mund\u00ebsi n\u00eb fush\u00ebn e sip\u00ebrmarrjes sociale.<\/p>\n<p>Pjes\u00ebmarr\u00ebsit pat\u00ebn mund\u00ebsin\u00eb ta lidhin teorin\u00eb me shembuj konkret\u00eb p\u00ebrmes vizitave studimore frym\u00ebzuese.<br \/>\nN\u00eb Sht\u00ebpin\u00eb Shedia, ata u takuan me ekipin q\u00eb q\u00ebndron pas k\u00ebsaj sip\u00ebrmarrjeje sociale q\u00eb mb\u00ebshtet personat q\u00eb jan\u00eb t\u00eb pastreh\u00eb, duke zbuluar se si projektet kreative dhe nismat sociale mund t\u00eb sjellin ndikim dometh\u00ebn\u00ebs. Vizita n\u00eb Tregun Bashkiak t\u00eb Kypselit ofroi nj\u00eb pasqyr\u00eb mbi m\u00ebnyr\u00ebn se si hap\u00ebsirat e gjalla komunitare mund t\u00eb nxisin sip\u00ebrmarrjen lokale dhe t\u00eb forcojn\u00eb lidhjet n\u00eb lagje.<\/p>\n<p>Gjat\u00eb gjith\u00eb trajnimit, pjes\u00ebmarr\u00ebsit shk\u00ebmbyen ide, krijuan lidhje dhe zhvilluan aft\u00ebsi praktike q\u00eb do t\u2019i ndihmojn\u00eb t\u00eb sjellin qytetarin\u00eb sip\u00ebrmarr\u00ebse n\u00eb komunitetet e tyre.<br \/>\nFaleminderit t\u00eb gjith\u00eb partner\u00ebve t\u00eb projektit p\u00ebr bashk\u00ebpunimin.<\/p>\n<p>Kjo p\u00ebrvoj\u00eb trajnimi ishte plot m\u00ebsime, frym\u00ebzim dhe momente t\u00eb paharrueshme \u2014 dhe ky \u00ebsht\u00eb vet\u00ebm fillimi!<\/p>\n<p>M\u00ebsoni m\u00eb shum\u00eb nga Raporti i Trajnimit \u201cTrajnimi i Trajner\u00ebve dhe Vizita Studimore &#8221;. Gjithashtu mund t\u00eb gjeni prezantimet e p\u00ebrdorura gjat\u00eb workshop-it n\u00eb trajnim.<\/p>\n<\/div>\n<\/div>\n<h1>Shkarkime:<\/h1>\n<p><p>\n        <a href=\"\/wp-content\/uploads\/2025\/06\/PU-Trainings-Study-Visits-Public-Materials-Report.pdf\">Report<\/a>\n    <\/p>\n<\/p>\n<hr>\n<p><p>\n        <a href=\"\/wp-content\/uploads\/2025\/06\/EPIC_TTT-Athens-13-1505_Presentation.pdf\">Workshop Presentation<\/a>\n    <\/p>\n<\/p>\n<hr>\n<p><p>\n        <a href=\"\/wp-content\/uploads\/2025\/06\/EPIC_Module-1_Presentation.pdf\">Module 1 &#8211; Presentation<\/a>\n    <\/p>\n<\/p>\n<hr>\n<p><p>\n        <a href=\"\/wp-content\/uploads\/2025\/06\/EPIC_Module-2_Presentation.pdf\">Module 2 &#8211; Presentation<\/a>\n    <\/p>\n<\/p>\n<hr>\n<p><p>\n        <a href=\"\/wp-content\/uploads\/2025\/06\/EPIC_Module-3_Presentation.pdf\">Module 3 &#8211; Presentation<\/a>\n    <\/p>\n<\/p>\n<hr>\n<p><p>\n        <a href=\"\/wp-content\/uploads\/2025\/06\/EPIC_Module-4_Presentation.pdf\">Module 4 &#8211; Presentation<\/a>\n    <\/p>\n<\/p>\n<hr>\n<p><p>\n        <a href=\"\/wp-content\/uploads\/2025\/06\/EPIC_Module-5_Presentation.pdf\">Module 5 &#8211; Presentation<\/a>\n    <\/p>\n<\/p>\n<hr>\n<p><p>\n        <a href=\"\/wp-content\/uploads\/2025\/06\/EPIC_Module-6_Presentation.pdf\">Module 6 &#8211; Presentation<\/a>\n    <\/p>\n<\/p>\n<p><!--more--><br \/>\n<!-- {\"type\":\"layout\",\"children\":[{\"type\":\"section\",\"props\":{\"animation\":\"fade\",\"animation_delay\":\"220\",\"height\":\"section\",\"image_position\":\"center-center\",\"padding_remove_bottom\":true,\"padding_remove_top\":false,\"style\":\"default\",\"title_breakpoint\":\"xl\",\"title_position\":\"top-left\",\"title_rotation\":\"left\",\"vertical_align\":\"\",\"width\":\"default\"},\"children\":[{\"type\":\"row\",\"children\":[{\"type\":\"column\",\"props\":{\"image_position\":\"center-center\",\"position_sticky_breakpoint\":\"m\"},\"children\":[{\"type\":\"headline\",\"props\":{\"text_align\":\"left\",\"title_element\":\"h1\",\"title_style\":\"heading-medium\"},\"name\":\"headline-pages\",\"source\":{\"query\":{\"name\":\"pages.singlePage\"},\"props\":{\"content\":{\"filters\":{\"search\":\"\"},\"name\":\"title\"}}}}]}]},{\"type\":\"row\",\"children\":[{\"type\":\"column\",\"props\":{\"image_position\":\"center-center\",\"position_sticky_breakpoint\":\"m\"},\"children\":[{\"type\":\"panel\",\"props\":{\"content\":\"\n\n<p>Si pjes\\u00eb e projektit Qytetaria Sip\\u00ebrmarr\\u00ebse p\\u00ebr Ndryshim Social, punonj\\u00ebs rinor\\u00eb nga Shqip\\u00ebria, Bosnja dhe Hercegovina dhe Kosova mor\\u00ebn pjes\\u00eb n\\u00eb nj\\u00eb trajnim dinamik t\\u00eb Trajnimi t\\u00eb Trajner\\u00ebve dhe nj\\u00eb vizit\\u00eb studimore n\\u00eb Athin\\u00eb, Greqi.\\nGjat\\u00eb tre dit\\u00ebve intensive, trajnimet prek\\u00ebn tema thelb\\u00ebsore si modelet e bizneseve sociale, Korniza EntreComp, dhe m\\u00ebnyrat p\\u00ebr t\\u00eb identifikuar mund\\u00ebsi n\\u00eb fush\\u00ebn e sip\\u00ebrmarrjes sociale.\\n\\nPjes\\u00ebmarr\\u00ebsit pat\\u00ebn mund\\u00ebsin\\u00eb ta lidhin teorin\\u00eb me shembuj konkret\\u00eb p\\u00ebrmes vizitave studimore frym\\u00ebzuese.\\nN\\u00eb Sht\\u00ebpin\\u00eb Shedia, ata u takuan me ekipin q\\u00eb q\\u00ebndron pas k\\u00ebsaj sip\\u00ebrmarrjeje sociale q\\u00eb mb\\u00ebshtet personat q\\u00eb jan\\u00eb t\\u00eb pastreh\\u00eb, duke zbuluar se si projektet kreative dhe nismat sociale mund t\\u00eb sjellin ndikim dometh\\u00ebn\\u00ebs. Vizita n\\u00eb Tregun Bashkiak t\\u00eb Kypselit ofroi nj\\u00eb pasqyr\\u00eb mbi m\\u00ebnyr\\u00ebn se si hap\\u00ebsirat e gjalla komunitare mund t\\u00eb nxisin sip\\u00ebrmarrjen lokale dhe t\\u00eb forcojn\\u00eb lidhjet n\\u00eb lagje.\\n\\n<\\\/p>\\n\n\n<p>Gjat\\u00eb gjith\\u00eb trajnimit, pjes\\u00ebmarr\\u00ebsit shk\\u00ebmbyen ide, krijuan lidhje dhe zhvilluan aft\\u00ebsi praktike q\\u00eb do t\\u2019i ndihmojn\\u00eb t\\u00eb sjellin qytetarin\\u00eb sip\\u00ebrmarr\\u00ebse n\\u00eb komunitetet e tyre.\\nFaleminderit t\\u00eb gjith\\u00eb partner\\u00ebve t\\u00eb projektit p\\u00ebr bashk\\u00ebpunimin.\\n\\nKjo p\\u00ebrvoj\\u00eb trajnimi ishte plot m\\u00ebsime, frym\\u00ebzim dhe momente t\\u00eb paharrueshme \\u2014 dhe ky \\u00ebsht\\u00eb vet\\u00ebm fillimi!\\n\\nM\\u00ebsoni m\\u00eb shum\\u00eb nga Raporti i Trajnimit \\u201cTrajnimi i Trajner\\u00ebve dhe Vizita Studimore ''. Gjithashtu mund t\\u00eb gjeni prezantimet e p\\u00ebrdorura gjat\\u00eb workshop-it n\\u00eb trajnim.<\\\/p>\",\"content_column\":\"1-2\",\"content_column_breakpoint\":\"m\",\"icon_width\":80,\"image\":\"wp-content\\\/uploads\\\/2025\\\/03\\\/EPIC_Manual-16.svg\",\"image_align\":\"left\",\"image_grid_breakpoint\":\"m\",\"image_grid_column_gap\":\"small\",\"image_grid_row_gap\":\"small\",\"image_grid_width\":\"auto\",\"image_svg_color\":\"emphasis\",\"image_width\":220,\"link_style\":\"default\",\"link_text\":\"Read more\",\"margin\":\"default\",\"meta_align\":\"below-title\",\"meta_element\":\"div\",\"meta_style\":\"text-meta\",\"title_align\":\"top\",\"title_element\":\"h3\",\"title_grid_breakpoint\":\"m\",\"title_grid_width\":\"1-2\",\"title_hover_style\":\"reset\"}}]}]},{\"type\":\"row\",\"children\":[{\"type\":\"column\",\"props\":{\"image_position\":\"center-center\",\"position_sticky_breakpoint\":\"m\"},\"children\":[{\"type\":\"headline\",\"props\":{\"content\":\"Shkarkime:\",\"title_element\":\"h1\",\"title_style\":\"h1\"}}]}]},{\"type\":\"row\",\"children\":[{\"type\":\"column\",\"props\":{\"image_position\":\"center-center\",\"position_sticky_breakpoint\":\"m\"},\"children\":[{\"type\":\"button\",\"props\":{\"grid_column_gap\":\"small\",\"grid_row_gap\":\"small\",\"margin\":\"default\"},\"children\":[{\"type\":\"button_item\",\"props\":{\"button_style\":\"default\",\"content\":\"Report\",\"dialog_layout\":\"modal\",\"dialog_offcanvas_flip\":true,\"icon\":\"download\",\"icon_align\":\"right\",\"link\":\"wp-content\\\/uploads\\\/2025\\\/06\\\/PU-Trainings-Study-Visits-Public-Materials-Report.pdf\",\"link_target\":\"blank\"}}]}]}]},{\"type\":\"row\",\"children\":[{\"type\":\"column\",\"props\":{\"image_position\":\"center-center\",\"position_sticky_breakpoint\":\"m\"},\"children\":[{\"type\":\"divider\",\"props\":{\"divider_element\":\"hr\",\"divider_style\":\"icon\"}}]}]},{\"type\":\"row\",\"children\":[{\"type\":\"column\",\"props\":{\"image_position\":\"center-center\",\"position_sticky_breakpoint\":\"m\"},\"children\":[{\"type\":\"button\",\"props\":{\"grid_column_gap\":\"small\",\"grid_row_gap\":\"small\",\"margin\":\"default\"},\"children\":[{\"type\":\"button_item\",\"props\":{\"button_style\":\"default\",\"content\":\"Workshop Presentation\",\"dialog_layout\":\"modal\",\"dialog_offcanvas_flip\":true,\"icon\":\"download\",\"icon_align\":\"right\",\"link\":\"wp-content\\\/uploads\\\/2025\\\/06\\\/EPIC_TTT-Athens-13-1505_Presentation.pdf\",\"link_target\":\"blank\"}}]}]}]},{\"type\":\"row\",\"children\":[{\"type\":\"column\",\"props\":{\"image_position\":\"center-center\",\"position_sticky_breakpoint\":\"m\"},\"children\":[{\"type\":\"divider\",\"props\":{\"divider_element\":\"hr\",\"divider_style\":\"icon\"}}]}]},{\"type\":\"row\",\"children\":[{\"type\":\"column\",\"props\":{\"image_position\":\"center-center\",\"position_sticky_breakpoint\":\"m\"},\"children\":[{\"type\":\"button\",\"props\":{\"grid_column_gap\":\"small\",\"grid_row_gap\":\"small\",\"margin\":\"default\"},\"children\":[{\"type\":\"button_item\",\"props\":{\"button_style\":\"default\",\"content\":\"Module 1 - Presentation\",\"dialog_layout\":\"modal\",\"dialog_offcanvas_flip\":true,\"icon\":\"download\",\"icon_align\":\"right\",\"link\":\"wp-content\\\/uploads\\\/2025\\\/06\\\/EPIC_Module-1_Presentation.pdf\",\"link_target\":\"blank\"}}]}]}]},{\"type\":\"row\",\"children\":[{\"type\":\"column\",\"props\":{\"image_position\":\"center-center\",\"position_sticky_breakpoint\":\"m\"},\"children\":[{\"type\":\"divider\",\"props\":{\"divider_element\":\"hr\",\"divider_style\":\"icon\"}}]}]},{\"type\":\"row\",\"children\":[{\"type\":\"column\",\"props\":{\"image_position\":\"center-center\",\"position_sticky_breakpoint\":\"m\"},\"children\":[{\"type\":\"button\",\"props\":{\"grid_column_gap\":\"small\",\"grid_row_gap\":\"small\",\"margin\":\"default\"},\"children\":[{\"type\":\"button_item\",\"props\":{\"button_style\":\"default\",\"content\":\"Module 2 - Presentation\",\"dialog_layout\":\"modal\",\"dialog_offcanvas_flip\":true,\"icon\":\"download\",\"icon_align\":\"right\",\"link\":\"wp-content\\\/uploads\\\/2025\\\/06\\\/EPIC_Module-2_Presentation.pdf\",\"link_target\":\"blank\"}}]}]}]},{\"type\":\"row\",\"children\":[{\"type\":\"column\",\"props\":{\"image_position\":\"center-center\",\"position_sticky_breakpoint\":\"m\"},\"children\":[{\"type\":\"divider\",\"props\":{\"divider_element\":\"hr\",\"divider_style\":\"icon\"}}]}]},{\"type\":\"row\",\"children\":[{\"type\":\"column\",\"props\":{\"image_position\":\"center-center\",\"position_sticky_breakpoint\":\"m\"},\"children\":[{\"type\":\"button\",\"props\":{\"grid_column_gap\":\"small\",\"grid_row_gap\":\"small\",\"margin\":\"default\"},\"children\":[{\"type\":\"button_item\",\"props\":{\"button_style\":\"default\",\"content\":\"Module 3 - Presentation\",\"dialog_layout\":\"modal\",\"dialog_offcanvas_flip\":true,\"icon\":\"download\",\"icon_align\":\"right\",\"link\":\"wp-content\\\/uploads\\\/2025\\\/06\\\/EPIC_Module-3_Presentation.pdf\",\"link_target\":\"blank\"}}]}]}]},{\"type\":\"row\",\"children\":[{\"type\":\"column\",\"props\":{\"image_position\":\"center-center\",\"position_sticky_breakpoint\":\"m\"},\"children\":[{\"type\":\"divider\",\"props\":{\"divider_element\":\"hr\",\"divider_style\":\"icon\"}}]}]},{\"type\":\"row\",\"children\":[{\"type\":\"column\",\"props\":{\"image_position\":\"center-center\",\"position_sticky_breakpoint\":\"m\"},\"children\":[{\"type\":\"button\",\"props\":{\"grid_column_gap\":\"small\",\"grid_row_gap\":\"small\",\"margin\":\"default\"},\"children\":[{\"type\":\"button_item\",\"props\":{\"button_style\":\"default\",\"content\":\"Module 4 - Presentation\",\"dialog_layout\":\"modal\",\"dialog_offcanvas_flip\":true,\"icon\":\"download\",\"icon_align\":\"right\",\"link\":\"wp-content\\\/uploads\\\/2025\\\/06\\\/EPIC_Module-4_Presentation.pdf\",\"link_target\":\"blank\"}}]}]}]},{\"type\":\"row\",\"children\":[{\"type\":\"column\",\"props\":{\"image_position\":\"center-center\",\"position_sticky_breakpoint\":\"m\"},\"children\":[{\"type\":\"divider\",\"props\":{\"divider_element\":\"hr\",\"divider_style\":\"icon\"}}]}]},{\"type\":\"row\",\"children\":[{\"type\":\"column\",\"props\":{\"image_position\":\"center-center\",\"position_sticky_breakpoint\":\"m\"},\"children\":[{\"type\":\"button\",\"props\":{\"grid_column_gap\":\"small\",\"grid_row_gap\":\"small\",\"margin\":\"default\"},\"children\":[{\"type\":\"button_item\",\"props\":{\"button_style\":\"default\",\"content\":\"Module 5 - Presentation\",\"dialog_layout\":\"modal\",\"dialog_offcanvas_flip\":true,\"icon\":\"download\",\"icon_align\":\"right\",\"link\":\"wp-content\\\/uploads\\\/2025\\\/06\\\/EPIC_Module-5_Presentation.pdf\",\"link_target\":\"blank\"}}]}]}]},{\"type\":\"row\",\"children\":[{\"type\":\"column\",\"props\":{\"image_position\":\"center-center\",\"position_sticky_breakpoint\":\"m\"},\"children\":[{\"type\":\"divider\",\"props\":{\"divider_element\":\"hr\",\"divider_style\":\"icon\"}}]}]},{\"type\":\"row\",\"children\":[{\"type\":\"column\",\"props\":{\"image_position\":\"center-center\",\"position_sticky_breakpoint\":\"m\"},\"children\":[{\"type\":\"button\",\"props\":{\"grid_column_gap\":\"small\",\"grid_row_gap\":\"small\",\"margin\":\"default\"},\"children\":[{\"type\":\"button_item\",\"props\":{\"button_style\":\"default\",\"content\":\"Module 6 - Presentation\",\"dialog_layout\":\"modal\",\"dialog_offcanvas_flip\":true,\"icon\":\"download\",\"icon_align\":\"right\",\"link\":\"wp-content\\\/uploads\\\/2025\\\/06\\\/EPIC_Module-6_Presentation.pdf\",\"link_target\":\"blank\"}}]}]}]}]}],\"version\":\"4.5.7\"} --><\/p>\n","protected":false},"excerpt":{"rendered":"<p>Si pjes\u00eb e projektit Qytetaria Sip\u00ebrmarr\u00ebse p\u00ebr Ndryshim Social, punonj\u00ebs rinor\u00eb nga Shqip\u00ebria, Bosnja dhe Hercegovina dhe Kosova mor\u00ebn pjes\u00eb n\u00eb nj\u00eb trajnim dinamik t\u00eb..<\/p>\n","protected":false},"author":1,"featured_media":0,"parent":0,"menu_order":0,"comment_status":"closed","ping_status":"closed","template":"","meta":{"_acf_changed":false,"inline_featured_image":false,"footnotes":""},"class_list":["post-1542","page","type-page","status-publish","hentry"],"acf":[],"_links":{"self":[{"href":"https:\/\/epic-project.eu\/sq\/wp-json\/wp\/v2\/pages\/1542","targetHints":{"allow":["GET"]}}],"collection":[{"href":"https:\/\/epic-project.eu\/sq\/wp-json\/wp\/v2\/pages"}],"about":[{"href":"https:\/\/epic-project.eu\/sq\/wp-json\/wp\/v2\/types\/page"}],"author":[{"embeddable":true,"href":"https:\/\/epic-project.eu\/sq\/wp-json\/wp\/v2\/users\/1"}],"replies":[{"embeddable":true,"href":"https:\/\/epic-project.eu\/sq\/wp-json\/wp\/v2\/comments?post=1542"}],"version-history":[{"count":4,"href":"https:\/\/epic-project.eu\/sq\/wp-json\/wp\/v2\/pages\/1542\/revisions"}],"predecessor-version":[{"id":1973,"href":"https:\/\/epic-project.eu\/sq\/wp-json\/wp\/v2\/pages\/1542\/revisions\/1973"}],"wp:attachment":[{"href":"https:\/\/epic-project.eu\/sq\/wp-json\/wp\/v2\/media?parent=1542"}],"curies":[{"name":"wp","href":"https:\/\/api.w.org\/{rel}","templated":true}]}}