{"id":1300,"date":"2025-03-05T12:56:18","date_gmt":"2025-03-05T10:56:18","guid":{"rendered":"https:\/\/epic-project.eu\/manual\/"},"modified":"2025-10-22T13:43:30","modified_gmt":"2025-10-22T11:43:30","slug":"manual","status":"publish","type":"page","link":"https:\/\/epic-project.eu\/sq\/manual\/","title":{"rendered":"Manual"},"content":{"rendered":"<div>\n<p><span style=\"font-weight: 400;\">Ky seksion p\u00ebrmban Kurrikul\u00ebn EPIC p\u00ebr Sip\u00ebrmarrjen Sociale n\u00eb form\u00ebn e nj\u00eb eKurse interaktive, si dhe n\u00eb form\u00ebn e nj\u00eb PDF t\u00eb shkarkueshme.<\/span><\/p>\n<p><span style=\"font-weight: 400;\">Kurrikula synon t\u00eb p\u00ebrmir\u00ebsoj\u00eb shkatht\u00ebsit\u00eb e sip\u00ebrmarrjes sociale t\u00eb t\u00eb rinjve, duke i pajisur ata me mjetet dhe burimet e nevojshme p\u00ebr t\u00eb zhvilluar nj\u00eb mend\u00ebsi dhe shkatht\u00ebsi t\u00eb sip\u00ebrmarrjes sociale n\u00eb Ballkanin Per\u00ebndimor. Kurrikula \u00ebsht\u00eb organizuar si vijon:<\/span><\/p>\n<ul>\n<li style=\"font-weight: 400;\" aria-level=\"1\"><span style=\"font-weight: 400;\">Module: P\u00ebrmbajtja udh\u00ebzuese e organizuar n\u00eb module dhe vler\u00ebsime online.<\/span><\/li>\n<li style=\"font-weight: 400;\" aria-level=\"1\"><span style=\"font-weight: 400;\">Manuali: Manuali &#8220;Trajnimi i Trajner\u00ebve&#8221; \u00ebsht\u00eb nj\u00eb udh\u00ebzues instruksional p\u00ebr ofrimin e Kurrikul\u00ebs EPIC p\u00ebr Sip\u00ebrmarrjen Sociale.<\/span><\/li>\n<li style=\"font-weight: 400;\" aria-level=\"1\"><span style=\"font-weight: 400;\">Materiale t\u00eb tjera: Burime shtes\u00eb q\u00eb shoq\u00ebrojn\u00eb kurrikul\u00ebn baz\u00eb dhe manualin.<\/span><\/li>\n<\/ul>\n<\/div>\n<div>\n<p>        <img decoding=\"async\" src=\"\/wp-content\/uploads\/2025\/03\/EPIC_Manual-16.svg\" alt=\"\"><\/p>\n<h3>Manuali i Trajnimit t\u00ebTrajner\u00ebve<\/h3>\n<div>Ky manual \u00ebsht\u00eb udh\u00ebzuesi juaj p\u00ebr t\u2019ju m\u00ebsuar Kurrikul\u00ebn EPIC p\u00ebr Sip\u00ebrmarrjen Sociale dhe p\u00ebr t\u2019u b\u00ebr\u00eb nj\u00eb trajner i aft\u00eb dhe frym\u00ebzues mbi  sip\u00ebrmarrjen sociale p\u00ebr t\u00eb rinjt\u00eb n\u00eb Ballkanin Per\u00ebndimor.\n<\/div>\n<p><a href=\"\/wp-content\/uploads\/2025\/03\/EPIC_\u03a42.3_Manual_EN.pdf\">Lexoni manualin<\/a><\/p>\n<\/div>\n<p><!--more--><br \/>\n<!-- {\"type\":\"layout\",\"children\":[{\"type\":\"section\",\"props\":{\"animation\":\"fade\",\"animation_delay\":\"220\",\"height\":\"section\",\"image_position\":\"center-center\",\"padding_remove_bottom\":true,\"padding_remove_top\":false,\"style\":\"default\",\"title_breakpoint\":\"xl\",\"title_position\":\"top-left\",\"title_rotation\":\"left\",\"vertical_align\":\"\",\"width\":\"default\"},\"children\":[{\"type\":\"row\",\"children\":[{\"type\":\"column\",\"props\":{\"image_position\":\"center-center\",\"position_sticky_breakpoint\":\"m\"},\"children\":[{\"type\":\"headline\",\"props\":{\"text_align\":\"left\",\"title_element\":\"h1\",\"title_style\":\"heading-medium\"},\"name\":\"headline-pages\",\"source\":{\"query\":{\"name\":\"pages.singlePage\"},\"props\":{\"content\":{\"filters\":{\"search\":\"\"},\"name\":\"title\"}}}}]}]},{\"type\":\"row\",\"children\":[{\"type\":\"column\",\"props\":{\"image_position\":\"center-center\",\"position_sticky_breakpoint\":\"m\"},\"children\":[{\"type\":\"text\",\"props\":{\"column_breakpoint\":\"m\",\"content\":\"\n\n<p><span style=\\\"font-weight: 400;\\\">Ky seksion p\\u00ebrmban Kurrikul\\u00ebn EPIC p\\u00ebr Sip\\u00ebrmarrjen Sociale n\\u00eb form\\u00ebn e nj\\u00eb eKurse interaktive, si dhe n\\u00eb form\\u00ebn e nj\\u00eb PDF t\\u00eb shkarkueshme.<\\\/span><\\\/p>\\n\n\n<p><span style=\\\"font-weight: 400;\\\">Kurrikula synon t\\u00eb p\\u00ebrmir\\u00ebsoj\\u00eb shkatht\\u00ebsit\\u00eb e sip\\u00ebrmarrjes sociale t\\u00eb t\\u00eb rinjve, duke i pajisur ata me mjetet dhe burimet e nevojshme p\\u00ebr t\\u00eb zhvilluar nj\\u00eb mend\\u00ebsi dhe shkatht\\u00ebsi t\\u00eb sip\\u00ebrmarrjes sociale n\\u00eb Ballkanin Per\\u00ebndimor. Kurrikula \\u00ebsht\\u00eb organizuar si vijon:<\\\/span><\\\/p>\\n\n\n<ul>\\n\n\n<li style=\\\"font-weight: 400;\\\" aria-level=\\\"1\\\"><span style=\\\"font-weight: 400;\\\">Module: P\\u00ebrmbajtja udh\\u00ebzuese e organizuar n\\u00eb module dhe vler\\u00ebsime online.<\\\/span><\\\/li>\\n\n\n<li style=\\\"font-weight: 400;\\\" aria-level=\\\"1\\\"><span style=\\\"font-weight: 400;\\\">Manuali: Manuali \\\"Trajnimi i Trajner\\u00ebve\\\" \\u00ebsht\\u00eb nj\\u00eb udh\\u00ebzues instruksional p\\u00ebr ofrimin e Kurrikul\\u00ebs EPIC p\\u00ebr Sip\\u00ebrmarrjen Sociale.<\\\/span><\\\/li>\\n\n\n<li style=\\\"font-weight: 400;\\\" aria-level=\\\"1\\\"><span style=\\\"font-weight: 400;\\\">Materiale t\\u00eb tjera: Burime shtes\\u00eb q\\u00eb shoq\\u00ebrojn\\u00eb kurrikul\\u00ebn baz\\u00eb dhe manualin.<\\\/span><\\\/li>\\n<\\\/ul>\",\"margin\":\"default\"}}]}]},{\"type\":\"row\",\"children\":[{\"type\":\"column\",\"props\":{\"image_position\":\"center-center\",\"position_sticky_breakpoint\":\"m\"},\"children\":[{\"type\":\"panel\",\"props\":{\"content\":\"Ky manual \\u00ebsht\\u00eb udh\\u00ebzuesi juaj p\\u00ebr t\\u2019ju m\\u00ebsuar Kurrikul\\u00ebn EPIC p\\u00ebr Sip\\u00ebrmarrjen Sociale dhe p\\u00ebr t\\u2019u b\\u00ebr\\u00eb nj\\u00eb trajner i aft\\u00eb dhe frym\\u00ebzues mbi  sip\\u00ebrmarrjen sociale p\\u00ebr t\\u00eb rinjt\\u00eb n\\u00eb Ballkanin Per\\u00ebndimor.\\n\",\"content_align\":true,\"content_column_breakpoint\":\"m\",\"css\":\".el-link {\\n\\tfloat: right;\\n}\",\"icon_width\":80,\"image\":\"wp-content\\\/uploads\\\/2025\\\/03\\\/EPIC_Manual-16.svg\",\"image_align\":\"left\",\"image_grid_breakpoint\":\"m\",\"image_grid_row_gap\":\"small\",\"image_grid_width\":\"auto\",\"image_svg_color\":\"emphasis\",\"image_width\":220,\"link\":\"\\\/wp-content\\\/uploads\\\/2025\\\/03\\\/EPIC_\\u03a42.3_Manual_EN.pdf\",\"link_style\":\"default\",\"link_text\":\"Lexoni manualin\",\"margin\":\"default\",\"meta_align\":\"below-title\",\"meta_element\":\"div\",\"meta_style\":\"text-meta\",\"title\":\"Manuali i Trajnimit t\\u00ebTrajner\\u00ebve\",\"title_align\":\"top\",\"title_element\":\"h3\",\"title_grid_breakpoint\":\"m\",\"title_grid_width\":\"1-2\",\"title_hover_style\":\"reset\"}}]}]}]}],\"version\":\"4.5.7\"} --><\/p>\n","protected":false},"excerpt":{"rendered":"<p>Ky seksion p\u00ebrmban Kurrikul\u00ebn EPIC p\u00ebr Sip\u00ebrmarrjen Sociale n\u00eb form\u00ebn e nj\u00eb eKurse interaktive, si dhe n\u00eb form\u00ebn e nj\u00eb PDF t\u00eb shkarkueshme. Kurrikula synon..<\/p>\n","protected":false},"author":1,"featured_media":0,"parent":0,"menu_order":0,"comment_status":"closed","ping_status":"closed","template":"","meta":{"_acf_changed":false,"inline_featured_image":false,"footnotes":""},"class_list":["post-1300","page","type-page","status-publish","hentry"],"acf":[],"_links":{"self":[{"href":"https:\/\/epic-project.eu\/sq\/wp-json\/wp\/v2\/pages\/1300","targetHints":{"allow":["GET"]}}],"collection":[{"href":"https:\/\/epic-project.eu\/sq\/wp-json\/wp\/v2\/pages"}],"about":[{"href":"https:\/\/epic-project.eu\/sq\/wp-json\/wp\/v2\/types\/page"}],"author":[{"embeddable":true,"href":"https:\/\/epic-project.eu\/sq\/wp-json\/wp\/v2\/users\/1"}],"replies":[{"embeddable":true,"href":"https:\/\/epic-project.eu\/sq\/wp-json\/wp\/v2\/comments?post=1300"}],"version-history":[{"count":2,"href":"https:\/\/epic-project.eu\/sq\/wp-json\/wp\/v2\/pages\/1300\/revisions"}],"predecessor-version":[{"id":1944,"href":"https:\/\/epic-project.eu\/sq\/wp-json\/wp\/v2\/pages\/1300\/revisions\/1944"}],"wp:attachment":[{"href":"https:\/\/epic-project.eu\/sq\/wp-json\/wp\/v2\/media?parent=1300"}],"curies":[{"name":"wp","href":"https:\/\/api.w.org\/{rel}","templated":true}]}}