{"id":1068,"date":"2024-09-24T09:57:01","date_gmt":"2024-09-24T07:57:01","guid":{"rendered":"https:\/\/epic-project.eu\/reports\/"},"modified":"2025-10-22T15:12:27","modified_gmt":"2025-10-22T13:12:27","slug":"reports","status":"publish","type":"page","link":"https:\/\/epic-project.eu\/sq\/reports\/","title":{"rendered":"Raporte"},"content":{"rendered":"<div>Ky seksion p\u00ebrmban raporte t\u00eb publikuara nga projekti, si p.sh. Raportet Komb\u00ebtare dhe Nd\u00ebrkomb\u00ebtare mbi Rinin\u00eb dhe Sip\u00ebrmarrjen Sociale, duke p\u00ebrmbledhur gjetjet nga k\u00ebrkimi n\u00eb terren dhe ai dokumentar i kryer n\u00eb Shqip\u00ebri, Kosov\u00eb dhe Bosnj\u00eb dhe Hercegovin\u00eb brenda kuadrit t\u00eb projektit.\n<\/div>\n<h2>Shqip\u00ebria &#8211; Raport Komb\u00ebtar<br \/>\n<\/h2>\n<div>Projekti EPIC u struktura duke njohur rolin transformues q\u00eb Qytetaria Aktive mund t\u00eb luaj\u00eb n\u00eb shoq\u00ebri, duke hedhur bazat p\u00ebr veprime dhe nisma t\u00eb udh\u00ebhequra nga qytetar\u00ebt p\u00ebr t\u00eb adresuar \u00e7\u00ebshtje dhe sfida sociale, duke vepruar si nj\u00eb motor ndryshimi.\n<\/div>\n<p><p>\n        <a href=\"\/wp-content\/uploads\/2024\/09\/EPIC_Albania_National-Report_fv.docx.pdf\">Lexoni raportin<\/a>\n    <\/p>\n<\/p>\n<h2>Bosnia &amp; Herzegovina &#8211; Raport Komb\u00ebtar<br \/>\n<\/h2>\n<div>Raporti Komb\u00ebtar mbi sip\u00ebrmarrjen sociale dhe qytetarin\u00eb aktive p\u00ebr t\u00eb rinjt\u00eb n\u00eb Bosnj\u00eb dhe Hercegovin\u00eb kombinon gjetjet nga hulumtime gjith\u00ebp\u00ebrfshir\u00ebse n\u00eb zyr\u00eb dhe n\u00eb terren t\u00eb kryera n\u00eb t\u00eb gjith\u00eb vendin.\n<\/div>\n<p><p>\n        <a href=\"\/wp-content\/uploads\/2024\/09\/EPIC_National_Report_BiH_fv.docx.pdf\">Lexoni raportin<\/a>\n    <\/p>\n<\/p>\n<hr>\n<h2>Kosova &#8211; Raport Komb\u00ebtar<br \/>\n<\/h2>\n<div>Sip\u00ebrmarrja sociale n\u00eb vend \u00ebsht\u00eb ende n\u00eb fazat e saj fillestare.<br \/>\nEkosistemi i sip\u00ebrmarrjes sociale n\u00eb Kosov\u00eb po zhvillohet p\u00ebrmes nj\u00eb s\u00ebr\u00eb programesh t\u00eb dedikuara p\u00ebr t\u00eb rinjt\u00eb q\u00eb d\u00ebshirojn\u00eb t\u00eb nisin bizneset e tyre, me synimin p\u00ebr t\u00eb p\u00ebrmir\u00ebsuar komunitetet ku jetojn\u00eb.\n<\/div>\n<p><p>\n        <a href=\"\/wp-content\/uploads\/2024\/09\/EPIC_National_Report_Kosovo_fv.docx.pdf\">Lexoni raportin<\/a>\n    <\/p>\n<\/p>\n<h2>Raport Nd\u00ebrkomb\u00ebtar<br \/>\n<\/h2>\n<div>Ky Raport Nd\u00ebrkomb\u00ebtar \u00ebsht\u00eb p\u00ebrfundimi i nj\u00eb p\u00ebrpjekjeje k\u00ebrkimore bashk\u00ebpunuese mes partner\u00ebve PIF nga Shqip\u00ebria, SMOC nga Bosnja-Hercegovina dhe PEN nga Kosova, n\u00ebn udh\u00ebheqjen e ekspert\u00ebve t\u00eb KMOP Education and Innovation Hub.<br \/>\nProcesi k\u00ebrkimor p\u00ebrfshiu si k\u00ebrkimin nga burime dyt\u00ebsore (Desk Research), ashtu edhe k\u00ebrkimin n\u00eb terren (Field Research), me q\u00ebllim mbledhjen e t\u00eb dh\u00ebnave dhe njohurive nga aktor\u00eb t\u00eb ndrysh\u00ebm t\u00eb p\u00ebrfshir\u00eb n\u00eb sip\u00ebrmarrjen sociale p\u00ebr t\u00eb rinjt\u00eb.<\/div>\n<p><p>\n        <a href=\"\/wp-content\/uploads\/2024\/09\/WP2_Trasnational-Report_fv.docx.pdf\">Lexoni raportin<\/a>\n    <\/p>\n<\/p>\n<hr>\n<p><!--more--><br \/>\n<!-- {\"type\":\"layout\",\"children\":[{\"type\":\"section\",\"props\":{\"animation\":\"slide-bottom-medium\",\"animation_delay\":\"200\",\"image_position\":\"center-center\",\"padding\":\"xsmall\",\"status\":\"disabled\",\"style\":\"default\",\"title_breakpoint\":\"xl\",\"title_position\":\"top-left\",\"title_rotation\":\"left\",\"vertical_align\":\"\",\"width\":\"default\"},\"children\":[{\"type\":\"row\",\"props\":{\"divider\":true,\"layout\":\"1-2,1-2\",\"margin\":\"large\"},\"children\":[{\"type\":\"column\",\"props\":{\"image_position\":\"center-center\",\"position_sticky_breakpoint\":\"m\",\"width_medium\":\"1-2\"},\"children\":[{\"type\":\"headline\",\"props\":{\"content\":\"Kurrikula mbi Sip\\u00ebrmarrjen Sociale\\n\",\"text_align\":\"left\",\"title_element\":\"h2\",\"title_style\":\"h2\"},\"name\":\"Curriculum EN\"},{\"type\":\"text\",\"props\":{\"class\":\"color-w\",\"column_breakpoint\":\"m\",\"content\":\"Kjo kurrikul\\u00eb \\u00ebsht\\u00eb krijuar p\\u00ebr t\\u00eb rritur aft\\u00ebsit\\u00eb e sip\\u00ebrmarrjes sociale tek t\\u00eb rinjt\\u00eb, duke i pajisur ata me mjetet dhe burimet e nevojshme p\\u00ebr t\\u00eb zhvilluar mend\\u00ebsin\\u00eb dhe aft\\u00ebsit\\u00eb e sip\\u00ebrmarrjes sociale n\\u00eb Ballkanin Per\\u00ebndimor n\\u00eb kuad\\u00ebr t\\u00eb projektit EPIC Erasmus+.\\n\",\"css\":\".el-element{\\n    color:#000000; \\n}\",\"margin\":\"default\"}},{\"type\":\"button\",\"props\":{\"grid_column_gap\":\"small\",\"grid_row_gap\":\"small\",\"margin\":\"default\"},\"children\":[{\"type\":\"button_item\",\"props\":{\"button_style\":\"default\",\"content\":\"Lexoni Kurrikul\\u00ebn\",\"dialog_layout\":\"modal\",\"dialog_offcanvas_flip\":true,\"icon_align\":\"left\",\"link\":\"wp-content\\\/uploads\\\/2025\\\/01\\\/EPIC_Curriculum_ALB-1.pdf\",\"link_target\":\"blank\"}}],\"name\":\"PDF\"}]},{\"type\":\"column\",\"props\":{\"image_position\":\"center-center\",\"position_sticky_breakpoint\":\"m\",\"width_medium\":\"1-2\"},\"children\":[{\"type\":\"headline\",\"props\":{\"content\":\"Manuali i Trajnimit t\\u00ebTrajner\\u00ebve\\n\",\"text_align\":\"left\",\"title_element\":\"h2\",\"title_style\":\"h2\"},\"name\":\"TTT manual\"},{\"type\":\"text\",\"props\":{\"class\":\"color-w\",\"column_breakpoint\":\"m\",\"content\":\"Ky manual \\u00ebsht\\u00eb udh\\u00ebzuesi juaj p\\u00ebr t\\u2019ju m\\u00ebsuar Kurrikul\\u00ebn EPIC p\\u00ebr Sip\\u00ebrmarrjen Sociale dhe p\\u00ebr t\\u2019u b\\u00ebr\\u00eb nj\\u00eb trajner i aft\\u00eb dhe frym\\u00ebzues mbi  sip\\u00ebrmarrjen sociale p\\u00ebr t\\u00eb rinjt\\u00eb n\\u00eb Ballkanin Per\\u00ebndimor\\n\",\"css\":\".el-element{\\n    color:#000000; \\n}\",\"margin\":\"default\"}},{\"type\":\"button\",\"props\":{\"grid_column_gap\":\"small\",\"grid_row_gap\":\"small\",\"margin\":\"default\"},\"children\":[{\"type\":\"button_item\",\"props\":{\"button_style\":\"default\",\"content\":\"Lexoni Manualin\",\"dialog_layout\":\"modal\",\"dialog_offcanvas_flip\":true,\"icon_align\":\"left\",\"link\":\"wp-content\\\/uploads\\\/2025\\\/03\\\/EPIC_\\u03a42.3_Manual_ALB.pdf\",\"link_target\":\"blank\"}}],\"name\":\"PDF\"}]}]},{\"type\":\"row\",\"children\":[{\"type\":\"column\",\"props\":{\"image_position\":\"center-center\",\"position_sticky_breakpoint\":\"m\"},\"children\":[{\"type\":\"divider\",\"props\":{\"css\":\".DDel-element {\\n\\tvisibility: hidden;\\n}\",\"divider_element\":\"hr\",\"visibility\":\"hidden-m\"}}]}]}],\"name\":\"AL__Curric\\\/Manual - Slide bottom medium 200 - Padding xs\"},{\"type\":\"section\",\"props\":{\"animation\":\"slide-bottom-medium\",\"animation_delay\":\"200\",\"class\":\"bg-blue\",\"image_position\":\"center-center\",\"padding\":\"xsmall\",\"padding_remove_bottom\":false,\"padding_remove_top\":false,\"style\":\"default\",\"title_breakpoint\":\"xl\",\"title_position\":\"top-left\",\"title_rotation\":\"left\",\"vertical_align\":\"\",\"width\":\"default\"},\"children\":[{\"type\":\"row\",\"children\":[{\"type\":\"column\",\"props\":{\"image_position\":\"center-center\",\"position_sticky_breakpoint\":\"m\"},\"children\":[{\"type\":\"headline\",\"props\":{\"text_align\":\"left\",\"title_color\":\"success\",\"title_element\":\"h2\",\"title_style\":\"h2\"},\"name\":\"headline-pages\",\"source\":{\"query\":{\"name\":\"pages.singlePage\"},\"props\":{\"content\":{\"filters\":{\"search\":\"\"},\"name\":\"title\"}}}}]}]},{\"type\":\"row\",\"children\":[{\"type\":\"column\",\"props\":{\"image_position\":\"center-center\",\"position_sticky_breakpoint\":\"m\"},\"children\":[{\"type\":\"text\",\"props\":{\"column_breakpoint\":\"m\",\"content\":\"Ky seksion p\\u00ebrmban raporte t\\u00eb publikuara nga projekti, si p.sh. Raportet Komb\\u00ebtare dhe Nd\\u00ebrkomb\\u00ebtare mbi Rinin\\u00eb dhe Sip\\u00ebrmarrjen Sociale, duke p\\u00ebrmbledhur gjetjet nga k\\u00ebrkimi n\\u00eb terren dhe ai dokumentar i kryer n\\u00eb Shqip\\u00ebri, Kosov\\u00eb dhe Bosnj\\u00eb dhe Hercegovin\\u00eb brenda kuadrit t\\u00eb projektit.\\n\",\"margin\":\"default\"}}]}]},{\"type\":\"row\",\"props\":{\"divider\":true,\"layout\":\"1-2,1-2\",\"width_expand\":\"right\"},\"children\":[{\"type\":\"column\",\"props\":{\"image_position\":\"center-center\",\"position_sticky_breakpoint\":\"m\",\"width_medium\":\"1-2\"},\"children\":[{\"type\":\"headline\",\"props\":{\"content\":\"Shqip\\u00ebria - Raport Komb\\u00ebtar\\n\",\"text_align\":\"left\",\"title_element\":\"h2\",\"title_style\":\"h2\"},\"name\":\"1. Handbook for Teachers\"},{\"type\":\"text\",\"props\":{\"class\":\"color-w\",\"column_breakpoint\":\"m\",\"content\":\"Projekti EPIC u struktura duke njohur rolin transformues q\\u00eb Qytetaria Aktive mund t\\u00eb luaj\\u00eb n\\u00eb shoq\\u00ebri, duke hedhur bazat p\\u00ebr veprime dhe nisma t\\u00eb udh\\u00ebhequra nga qytetar\\u00ebt p\\u00ebr t\\u00eb adresuar \\u00e7\\u00ebshtje dhe sfida sociale, duke vepruar si nj\\u00eb motor ndryshimi.\\n\",\"css\":\".el-element{\\n    color:#000000; \\n}\",\"margin\":\"default\"},\"name\":\"Handbook text\"},{\"type\":\"button\",\"props\":{\"grid_column_gap\":\"small\",\"grid_row_gap\":\"small\",\"margin\":\"default\"},\"children\":[{\"type\":\"button_item\",\"props\":{\"button_style\":\"default\",\"content\":\"Lexoni raportin\",\"dialog_layout\":\"modal\",\"dialog_offcanvas_flip\":true,\"icon_align\":\"left\",\"link\":\"wp-content\\\/uploads\\\/2024\\\/09\\\/EPIC_Albania_National-Report_fv.docx.pdf\",\"link_target\":\"blank\"}}],\"name\":\"Handbook (EN)\"}]},{\"type\":\"column\",\"props\":{\"image_position\":\"center-center\",\"position_sticky_breakpoint\":\"m\",\"width_medium\":\"1-2\"},\"children\":[{\"type\":\"headline\",\"props\":{\"content\":\"Bosnia &amp; Herzegovina - Raport Komb\\u00ebtar\\n\",\"text_align\":\"left\",\"title_element\":\"h2\",\"title_style\":\"h2\"},\"name\":\"2. AR case studies\"},{\"type\":\"text\",\"props\":{\"class\":\"color-w\",\"column_breakpoint\":\"m\",\"content\":\"Raporti Komb\\u00ebtar mbi sip\\u00ebrmarrjen sociale dhe qytetarin\\u00eb aktive p\\u00ebr t\\u00eb rinjt\\u00eb n\\u00eb Bosnj\\u00eb dhe Hercegovin\\u00eb kombinon gjetjet nga hulumtime gjith\\u00ebp\\u00ebrfshir\\u00ebse n\\u00eb zyr\\u00eb dhe n\\u00eb terren t\\u00eb kryera n\\u00eb t\\u00eb gjith\\u00eb vendin.\\n\",\"css\":\".el-element{\\n    color:#000000; \\n}\",\"margin\":\"default\"},\"name\":\"AR text\"},{\"type\":\"button\",\"props\":{\"grid_column_gap\":\"small\",\"grid_row_gap\":\"small\",\"margin\":\"default\"},\"children\":[{\"type\":\"button_item\",\"props\":{\"button_style\":\"default\",\"content\":\"Lexoni raportin\",\"dialog_layout\":\"modal\",\"dialog_offcanvas_flip\":true,\"icon_align\":\"left\",\"link\":\"wp-content\\\/uploads\\\/2024\\\/09\\\/EPIC_National_Report_BiH_fv.docx.pdf\",\"link_target\":\"blank\"}}],\"name\":\"Handbook (EN)\"}]}]},{\"type\":\"row\",\"children\":[{\"type\":\"column\",\"props\":{\"image_position\":\"center-center\",\"position_sticky_breakpoint\":\"m\"},\"children\":[{\"type\":\"divider\",\"props\":{\"css\":\".DDel-element {\\n\\tvisibility: hidden;\\n}\",\"divider_element\":\"hr\",\"visibility\":\"hidden-m\"}}]}]},{\"type\":\"row\",\"props\":{\"divider\":true,\"layout\":\"1-2,1-2\",\"margin\":\"large\"},\"children\":[{\"type\":\"column\",\"props\":{\"image_position\":\"center-center\",\"position_sticky_breakpoint\":\"m\",\"width_medium\":\"1-2\"},\"children\":[{\"type\":\"headline\",\"props\":{\"content\":\"Kosova - Raport Komb\\u00ebtar\\n\",\"text_align\":\"left\",\"title_element\":\"h2\",\"title_style\":\"h2\"},\"name\":\"3. Toolkit Instruction Videos\"},{\"type\":\"text\",\"props\":{\"class\":\"color-w\",\"column_breakpoint\":\"m\",\"content\":\"Sip\\u00ebrmarrja sociale n\\u00eb vend \\u00ebsht\\u00eb ende n\\u00eb fazat e saj fillestare.\\nEkosistemi i sip\\u00ebrmarrjes sociale n\\u00eb Kosov\\u00eb po zhvillohet p\\u00ebrmes nj\\u00eb s\\u00ebr\\u00eb programesh t\\u00eb dedikuara p\\u00ebr t\\u00eb rinjt\\u00eb q\\u00eb d\\u00ebshirojn\\u00eb t\\u00eb nisin bizneset e tyre, me synimin p\\u00ebr t\\u00eb p\\u00ebrmir\\u00ebsuar komunitetet ku jetojn\\u00eb.\\n\",\"css\":\".el-element{\\n    color:#000000; \\n}\",\"margin\":\"default\"}},{\"type\":\"button\",\"props\":{\"grid_column_gap\":\"small\",\"grid_row_gap\":\"small\",\"margin\":\"default\"},\"children\":[{\"type\":\"button_item\",\"props\":{\"button_style\":\"default\",\"content\":\"Lexoni raportin\",\"dialog_layout\":\"modal\",\"dialog_offcanvas_flip\":true,\"icon_align\":\"left\",\"link\":\"wp-content\\\/uploads\\\/2024\\\/09\\\/EPIC_National_Report_Kosovo_fv.docx.pdf\",\"link_target\":\"blank\"}}],\"name\":\"WATCH THE VIDEOS\"}]},{\"type\":\"column\",\"props\":{\"image_position\":\"center-center\",\"position_sticky_breakpoint\":\"m\",\"width_medium\":\"1-2\"},\"children\":[{\"type\":\"headline\",\"props\":{\"content\":\"Raport Nd\\u00ebrkomb\\u00ebtar\\n\",\"text_align\":\"left\",\"title_element\":\"h2\",\"title_style\":\"h2\"},\"name\":\"4. Curriculum\"},{\"type\":\"text\",\"props\":{\"class\":\"color-w\",\"column_breakpoint\":\"m\",\"content\":\"Ky Raport Nd\\u00ebrkomb\\u00ebtar \\u00ebsht\\u00eb p\\u00ebrfundimi i nj\\u00eb p\\u00ebrpjekjeje k\\u00ebrkimore bashk\\u00ebpunuese mes partner\\u00ebve PIF nga Shqip\\u00ebria, SMOC nga Bosnja-Hercegovina dhe PEN nga Kosova, n\\u00ebn udh\\u00ebheqjen e ekspert\\u00ebve t\\u00eb KMOP Education and Innovation Hub.\\nProcesi k\\u00ebrkimor p\\u00ebrfshiu si k\\u00ebrkimin nga burime dyt\\u00ebsore (Desk Research), ashtu edhe k\\u00ebrkimin n\\u00eb terren (Field Research), me q\\u00ebllim mbledhjen e t\\u00eb dh\\u00ebnave dhe njohurive nga aktor\\u00eb t\\u00eb ndrysh\\u00ebm t\\u00eb p\\u00ebrfshir\\u00eb n\\u00eb sip\\u00ebrmarrjen sociale p\\u00ebr t\\u00eb rinjt\\u00eb.\",\"css\":\".el-element{\\n    color:#000000; \\n}\",\"margin\":\"default\"}},{\"type\":\"button\",\"props\":{\"grid_column_gap\":\"small\",\"grid_row_gap\":\"small\",\"margin\":\"default\"},\"children\":[{\"type\":\"button_item\",\"props\":{\"button_style\":\"default\",\"content\":\"Lexoni raportin\",\"dialog_layout\":\"modal\",\"dialog_offcanvas_flip\":true,\"icon_align\":\"left\",\"link\":\"wp-content\\\/uploads\\\/2024\\\/09\\\/WP2_Trasnational-Report_fv.docx.pdf\",\"link_target\":\"blank\"}}],\"name\":\"COMING SOON btn\"}]}]},{\"type\":\"row\",\"children\":[{\"type\":\"column\",\"props\":{\"image_position\":\"center-center\",\"position_sticky_breakpoint\":\"m\"},\"children\":[{\"type\":\"divider\",\"props\":{\"css\":\".el-element {\\n\\tvisibility: hidden;\\n}\",\"divider_element\":\"hr\"}}]}]}]}],\"version\":\"4.5.7\"} --><\/p>\n","protected":false},"excerpt":{"rendered":"<p>Ky seksion p\u00ebrmban raporte t\u00eb publikuara nga projekti, si p.sh. Raportet Komb\u00ebtare dhe Nd\u00ebrkomb\u00ebtare mbi Rinin\u00eb dhe Sip\u00ebrmarrjen Sociale, duke p\u00ebrmbledhur gjetjet nga k\u00ebrkimi n\u00eb..<\/p>\n","protected":false},"author":1,"featured_media":0,"parent":0,"menu_order":0,"comment_status":"closed","ping_status":"closed","template":"","meta":{"_acf_changed":false,"inline_featured_image":false,"footnotes":""},"class_list":["post-1068","page","type-page","status-publish","hentry"],"acf":[],"_links":{"self":[{"href":"https:\/\/epic-project.eu\/sq\/wp-json\/wp\/v2\/pages\/1068","targetHints":{"allow":["GET"]}}],"collection":[{"href":"https:\/\/epic-project.eu\/sq\/wp-json\/wp\/v2\/pages"}],"about":[{"href":"https:\/\/epic-project.eu\/sq\/wp-json\/wp\/v2\/types\/page"}],"author":[{"embeddable":true,"href":"https:\/\/epic-project.eu\/sq\/wp-json\/wp\/v2\/users\/1"}],"replies":[{"embeddable":true,"href":"https:\/\/epic-project.eu\/sq\/wp-json\/wp\/v2\/comments?post=1068"}],"version-history":[{"count":21,"href":"https:\/\/epic-project.eu\/sq\/wp-json\/wp\/v2\/pages\/1068\/revisions"}],"predecessor-version":[{"id":1968,"href":"https:\/\/epic-project.eu\/sq\/wp-json\/wp\/v2\/pages\/1068\/revisions\/1968"}],"wp:attachment":[{"href":"https:\/\/epic-project.eu\/sq\/wp-json\/wp\/v2\/media?parent=1068"}],"curies":[{"name":"wp","href":"https:\/\/api.w.org\/{rel}","templated":true}]}}