{"id":913,"date":"2022-02-24T14:11:37","date_gmt":"2022-02-24T12:11:37","guid":{"rendered":"https:\/\/epic-project.eu\/about\/"},"modified":"2026-03-09T12:52:45","modified_gmt":"2026-03-09T10:52:45","slug":"about","status":"publish","type":"page","link":"https:\/\/epic-project.eu\/bs\/about\/","title":{"rendered":"O projektu"},"content":{"rendered":"<div>Projekt EPIC prepoznaje zna\u010daj aktivnog gra\u0111anstva u poticanju dru\u0161tvenih promjena i suo\u010davanju s dru\u0161tvenim izazovima. Kroz projekt, omladinski radnici i mladi ljudi na Zapadnom Balkanu bit \u0107e osna\u017eeni za prepoznavanje dru\u0161tvenih problema i razvijanje ideja za dru\u0161tvena poduze\u0107a. EPIC ima za cilj spojiti principe aktivnog gra\u0111anstva i dru\u0161tvenog poduzetni\u0161tva kako bi vodio i podr\u017eavao mlade ljude u pretvaranju svojih ideja u utjecajne poslove, stvaraju\u0107i tako zna\u010dajne prilike za zapo\u0161ljavanje i suo\u010davaju\u0107i se s dru\u0161tvenim izazovima.<\/div>\n<div>EPIC je projekt nastao u suradnji s Kiprom, Gr\u010dkom, Albanijom, Kosovom i Bosnom i Hercegovinom.<\/div>\n<ul>\n<li>\n<h3>Pregled projekta<\/h3>\n<div>Projekt EPIC osmi\u0161ljen je da prepoznaje transformacijsku ulogu koju aktivno gra\u0111anstvo mo\u017ee imati u dru\u0161tvu, postavljaju\u0107i temelje za inicijative i akcije gra\u0111ana kako bi se rije\u0161ili dru\u0161tveni problemi i izazovi, djeluju\u0107i kao pokreta\u010d promjena. Projekt percipira dru\u0161tveno poduzetni\u0161tvo kao oblik poslovanja koji je povezan sa aktivnim gra\u0111anstvom.<\/div>\n<\/li>\n<li>\n<h3>Cilj projekta<\/h3>\n<div>\n<ul>\n<li>Potaknuti suradnju me\u0111u razli\u010ditim regijama svijeta kroz zajedni\u010dke inicijative;<\/li>\n<li>Pove\u0107ati kapacitet organizacija koje rade s mladima izvan formalnog obrazovanja;\n<\/li>\n<li>Podr\u017eati razvoj rada s mladima;<\/li>\n<li>Promovirati neformalne oblike u\u010denja s ciljem unaprje\u0111enja razine kompetencija uz osiguranje aktivnog sudjelovanja mladih u dru\u0161tvu<\/li>\n<\/ul>\n<\/div>\n<\/li>\n<li>\n<h3>Specifi\u010dni ciljevi<\/h3>\n<div>\n<p>1. Razviti kompletnu kolekciju prilago\u0111enih edukativnih resursa i alata za izgradnju kapaciteta organizacija mladih u Albaniji, Bosni i Hercegovini te Kosovu na podru\u010dju dru\u0161tvenog poduzetni\u0161tva<\/p>\n<p>2. Edukacija i osna\u017eivanje mladih za razvoj i vo\u0111enje dru\u0161tvenih poduze\u0107a<\/p>\n<p>3. Unaprijediti shva\u0107anje i kapacitet omladinskih radnika i organizacija za promicanje aktivnog sudjelovanja i dru\u0161tvenog poduzetni\u0161tva<\/p>\n<p>4. Podizanje svijesti o klju\u010dnim dru\u0161tvenim pitanjima (npr. okoli\u0161, inkluzija) te o doprinosu dru\u0161tvenih poduze\u0107a na lokalnoj, nacionalnoj i transnacionalnoj razini<\/p>\n<p>5. Postavljanje temelja za razvoj potporne strukture za mlade kako bi se aktivno uklju\u010dili u podru\u010dje dru\u0161tvenog poduzetni\u0161tva<\/p>\n<p>6. Razvoj ekosustava dru\u0161tvenog poduzetni\u0161tva u zemljama u kojima se projekt implementira<\/p>\n<\/div>\n<\/li>\n<li>\n<h3>Resursi<\/h3>\n<div>\n<ul>\n<li>Nacionalni i transnacionalni izvje\u0161taj o mladima i dru\u0161tvenom poduzetni\u0161tvu u Albaniji, Bosni i Hercegovini te Kosovu<\/li>\n<li>Priru\u010dnik za edukaciju trenera \u2013 Kurikulum o dru\u0161tvenom poduzetni\u0161tvu<\/li>\n<li>Digitalno okru\u017eenje za u\u010denje koje sadr\u017ei e-kurs i alate za rad s mladima.<\/li>\n<li>Nacionalni dru\u0161tveno-poduzetni\u010dki hackathoni i zavr\u0161na konferencija<\/li>\n<\/ul>\n<\/div>\n<\/li>\n<\/ul>\n<p><img decoding=\"async\" src=\"\/wp-content\/uploads\/2024\/05\/EPIC-About-07.svg\" alt=\"About EPIC project\"><\/p>\n<h1>Partneri<\/h1>\n<ul>\n<li>\n<p>        <img decoding=\"async\" src=\"\/wp-content\/uploads\/2026\/03\/KMOP-education-hub-01.svg\" alt=\"KMOP-education-hub\"><\/p>\n<h3>KMOP \u2013 Social Action and Innovation Centre<\/h3>\n<div>KMOP \u2013 Social Action and Innovation Centre, osnovan 1977. godine, jedna je od najstarijih organizacija civilnog dru\u0161tva u Gr\u010dkoj koja pru\u017ea usluge dru\u0161tvene podr\u0161ke i provodi razli\u010dite programe usmjerene na osna\u017eivanje i pobolj\u0161anje dobrobiti pojedinaca i zajednica. KMOP je osnovao KMOP Centar za obrazovanje i inovacije s ciljem stvaranja centra znanja koji pru\u017ea pristup \u0161irokom spektru obrazovnih programa, resursa i treninga, koriste\u0107i znanje koje je organizacija stekla kroz svoj dugogodi\u0161nji rad u tom podru\u010dju.<\/div>\n<p><a href=\"https:\/\/www.kmop.gr\/\">Web stranica<\/a><\/p>\n<\/li>\n<li>\n<p>        <img decoding=\"async\" src=\"\/wp-content\/uploads\/2026\/03\/Sarajevo-meeting-of-cultures.png\" alt=\"Sarajevo-meeting-of-cultures\"><\/p>\n<h3>Sarajevo susret kultura (SMOC)<\/h3>\n<div>Sarajevo susret kultura je nevladina i neprofitna organizacija osnovana 2012. godine s glavnim ciljem prikazivanja i slavljenja raznovrsne kulturne ba\u0161tine Bosne i Hercegovine. Na\u0161 primarni fokus je promoviranje Sarajeva i Bosne i Hercegovine kao simbola tolerancije, mira i harmoni\u010dnog su\u017eivota razli\u010ditih kultura. Sarajevo susret kultura cijeni se zbog svoje stru\u010dnosti u uklju\u010divanju mladih, koriste\u0107i dinami\u010dne strategije za osna\u017eivanje mladih pojedinaca i poticanje kreativnosti.<\/div>\n<p><a href=\"https:\/\/smoc.ba\/en\/home\">Web stranica<\/a><\/p>\n<\/li>\n<li>\n<p>        <img decoding=\"async\" src=\"\/wp-content\/uploads\/2026\/03\/People-in-Focus-PiF.png\" alt=\"People-in-Focus-PiF\"><\/p>\n<h3>People in Focus (PiF)<\/h3>\n<div>People in Focus (PiF) je neprofitna, nevladina, nepoliti\u010dka i neovisna organizacija sa sjedi\u0161tem u Tirani, Albaniji. PiF djeluje u podru\u010dju ljudskih prava i socijalne inkluzije, me\u0111ukulturnog dijaloga, aktivnog gra\u0111anstva, medijske pismenosti i osna\u017eivanja mladih. Djelovanje PiF-a usmjereno je na odr\u017eivo okru\u017eenje i tr\u017ei\u0161te rada kroz strukovno  obrazovanje i dru\u0161tveno poduzetni\u0161tvo. Organizacija ima za cilj podr\u017eati i predstavljati albansko dru\u0161tvo kako bi se \u010duli glasovi gra\u0111ana, promovirala ljudska prava i dijalog.<\/div>\n<p><a href=\"https:\/\/peopleinfocus.org\/en\/kreu-english\/\">Web stranica<\/a><\/p>\n<\/li>\n<li>\n<p>        <img decoding=\"async\" src=\"\/wp-content\/uploads\/2026\/03\/penlogo.png\" alt=\"Peer Educators Network (PEN)\"><\/p>\n<h3>Peer Educators Network (PEN)<\/h3>\n<div>Peer Educators Network (PEN) je nevladina i neprofitna omladinska organizacija osnovana 2008. godine. Na\u0161a glavna podru\u010dja djelovanja su osna\u017eivanje mladih i zapo\u0161ljavanje, volontiranje, rodna ravnopravnost, dru\u0161tvene inovacije i poduzetni\u0161tvo, zdravi na\u010dini \u017eivota, borba protiv nasilja, okoli\u0161 i dru\u0161tvena inkluzija. Sjedi\u0161te PEN-a je u Pri\u0161tini, ali djelujemo u svim regijama Kosova. PEN ima \u0161iroku mre\u017eu volontera i aktivista koji djeluju diljem Kosova kao nositelji pozitivnih promjena u svojim zajednicama.<\/div>\n<p><a href=\"https:\/\/ngo-pen.com\/\">Web stranica<\/a><\/p>\n<\/li>\n<li>\n<p>        <img decoding=\"async\" src=\"\/wp-content\/uploads\/2026\/03\/INNOVADE-LI.svg\" alt=\"INNOVADE LI\"><\/p>\n<h3>Innovade LI<\/h3>\n<div>Na\u0161a misija je pru\u017eiti na\u0161im klijentima i partnerskim organizacijama neusporedivu razinu stru\u010dne podr\u0161ke kako bi mogli definirati i ostvariti svoje operativne ciljeve i dugoro\u010dne strate\u0161ke ciljeve. Poma\u017eemo na\u0161im klijentima integrirati tehnolo\u0161ka unapre\u0111enja i alate za pove\u0107anje produktivnosti u njihovim procesima, s ciljem pobolj\u0161anja performansi, pove\u0107anja produktivnosti i poticanja profitabilnosti.<\/div>\n<p><a href=\"https:\/\/www.innovade.eu\/\">Web stranica<\/a><\/p>\n<\/li>\n<li>\n<p>        <img decoding=\"async\" src=\"\/wp-content\/uploads\/2026\/03\/CARDET.svg\" alt=\"CARDET\"><\/p>\n<h3>CARDET<\/h3>\n<div>CARDET je vode\u0107i centar za istra\u017eivanje i razvoj u mediteranskoj regiji s globalnom stru\u010dno\u0161\u0107u u strukovnom obrazovanju, poduzetni\u0161tvu, digitalnim vje\u0161tinama i izgradnji kapaciteta. Kao najve\u0107i neovisni neprofitni centar sa sjedi\u0161tem na Kipru, CARDET je neovisno povezan s sveu\u010dili\u0161tima i institucijama diljem svijeta, poput Yale University, Sveu\u010dili\u0161ta u Nikoziji i Me\u0111unarodnog vije\u0107a za obrazovne medije.<\/div>\n<p><a href=\"https:\/\/cardet.org\/\">Web stranica<\/a><\/p>\n<\/li>\n<\/ul>\n<p><!--more--><br \/>\n<!-- {\"type\":\"layout\",\"children\":[{\"type\":\"section\",\"props\":{\"animation\":\"fade\",\"animation_delay\":\"300\",\"image_position\":\"center-center\",\"padding_remove_bottom\":true,\"padding_remove_top\":false,\"style\":\"default\",\"title_breakpoint\":\"xl\",\"title_position\":\"top-left\",\"title_rotation\":\"left\",\"vertical_align\":\"\",\"width\":\"default\"},\"children\":[{\"type\":\"row\",\"children\":[{\"type\":\"column\",\"props\":{\"image_position\":\"center-center\",\"position_sticky_breakpoint\":\"m\"},\"children\":[{\"type\":\"headline\",\"props\":{\"text_align\":\"left\",\"title_element\":\"h1\",\"title_style\":\"heading-medium\"},\"name\":\"headline-pages\",\"source\":{\"query\":{\"name\":\"pages.singlePage\"},\"props\":{\"content\":{\"filters\":{\"search\":\"\"},\"name\":\"title\"}}}}]}]},{\"type\":\"row\",\"props\":{\"layout\":\"1-2,1-2\"},\"children\":[{\"type\":\"column\",\"props\":{\"image_position\":\"center-center\",\"position_sticky_breakpoint\":\"m\",\"width_medium\":\"1-2\"},\"children\":[{\"type\":\"text\",\"props\":{\"column_breakpoint\":\"m\",\"content\":\"Projekt EPIC prepoznaje zna\\u010daj aktivnog gra\\u0111anstva u poticanju dru\\u0161tvenih promjena i suo\\u010davanju s dru\\u0161tvenim izazovima. Kroz projekt, omladinski radnici i mladi ljudi na Zapadnom Balkanu bit \\u0107e osna\\u017eeni za prepoznavanje dru\\u0161tvenih problema i razvijanje ideja za dru\\u0161tvena poduze\\u0107a. EPIC ima za cilj spojiti principe aktivnog gra\\u0111anstva i dru\\u0161tvenog poduzetni\\u0161tva kako bi vodio i podr\\u017eavao mlade ljude u pretvaranju svojih ideja u utjecajne poslove, stvaraju\\u0107i tako zna\\u010dajne prilike za zapo\\u0161ljavanje i suo\\u010davaju\\u0107i se s dru\\u0161tvenim izazovima.\",\"margin\":\"default\"}},{\"type\":\"text\",\"props\":{\"column_breakpoint\":\"m\",\"content\":\"EPIC je projekt nastao u suradnji s Kiprom, Gr\\u010dkom, Albanijom, Kosovom i Bosnom i Hercegovinom.\",\"margin\":\"default\"}},{\"name\":\"Accordion Image Top\",\"type\":\"accordion\",\"children\":[{\"type\":\"accordion_item\",\"props\":{\"content\":\"Projekt EPIC osmi\\u0161ljen je da prepoznaje transformacijsku ulogu koju aktivno gra\\u0111anstvo mo\\u017ee imati u dru\\u0161tvu, postavljaju\\u0107i temelje za inicijative i akcije gra\\u0111ana kako bi se rije\\u0161ili dru\\u0161tveni problemi i izazovi, djeluju\\u0107i kao pokreta\\u010d promjena. Projekt percipira dru\\u0161tveno poduzetni\\u0161tvo kao oblik poslovanja koji je povezan sa aktivnim gra\\u0111anstvom.\",\"image\":\"\",\"title\":\"Pregled projekta\"}},{\"type\":\"accordion_item\",\"props\":{\"content\":\"\n\n<ul>\\n\n\n<li>Potaknuti suradnju me\\u0111u razli\\u010ditim regijama svijeta kroz zajedni\\u010dke inicijative;<\\\/li>\\n    \\n\n\n<li>Pove\\u0107ati kapacitet organizacija koje rade s mladima izvan formalnog obrazovanja;\\n<\\\/li>\\n    \\n\n\n<li>Podr\\u017eati razvoj rada s mladima;<\\\/li>\\n    \\n\n\n<li>Promovirati neformalne oblike u\\u010denja s ciljem unaprje\\u0111enja razine kompetencija uz osiguranje aktivnog sudjelovanja mladih u dru\\u0161tvu<\\\/li>\\n    \\n<\\\/ul>\",\"image\":\"\",\"title\":\"Cilj projekta\"}},{\"type\":\"accordion_item\",\"props\":{\"content\":\"\n\n<p>1. Razviti kompletnu kolekciju prilago\\u0111enih edukativnih resursa i alata za izgradnju kapaciteta organizacija mladih u Albaniji, Bosni i Hercegovini te Kosovu na podru\\u010dju dru\\u0161tvenog poduzetni\\u0161tva<\\\/p>\\n\\n\n\n<p>2. Edukacija i osna\\u017eivanje mladih za razvoj i vo\\u0111enje dru\\u0161tvenih poduze\\u0107a<\\\/p>\\n\\n\n\n<p>3. Unaprijediti shva\\u0107anje i kapacitet omladinskih radnika i organizacija za promicanje aktivnog sudjelovanja i dru\\u0161tvenog poduzetni\\u0161tva<\\\/p>\\n\\n\n\n<p>4. Podizanje svijesti o klju\\u010dnim dru\\u0161tvenim pitanjima (npr. okoli\\u0161, inkluzija) te o doprinosu dru\\u0161tvenih poduze\\u0107a na lokalnoj, nacionalnoj i transnacionalnoj razini<\\\/p>\\n\\n\n\n<p>5. Postavljanje temelja za razvoj potporne strukture za mlade kako bi se aktivno uklju\\u010dili u podru\\u010dje dru\\u0161tvenog poduzetni\\u0161tva<\\\/p>\\n\\n\n\n<p>6. Razvoj ekosustava dru\\u0161tvenog poduzetni\\u0161tva u zemljama u kojima se projekt implementira<\\\/p>\",\"image\":\"\",\"title\":\"Specifi\\u010dni ciljevi\"}},{\"type\":\"accordion_item\",\"props\":{\"content\":\"\n\n<ul>\\n\n\n<li>Nacionalni i transnacionalni izvje\\u0161taj o mladima i dru\\u0161tvenom poduzetni\\u0161tvu u Albaniji, Bosni i Hercegovini te Kosovu<\\\/li>\\n\n\n<li>Priru\\u010dnik za edukaciju trenera \\u2013 Kurikulum o dru\\u0161tvenom poduzetni\\u0161tvu<\\\/li>\\n\n\n<li>Digitalno okru\\u017eenje za u\\u010denje koje sadr\\u017ei e-kurs i alate za rad s mladima.<\\\/li>\\n\n\n<li>Nacionalni dru\\u0161tveno-poduzetni\\u010dki hackathoni i zavr\\u0161na konferencija<\\\/li>\\n<\\\/ul>\",\"image\":\"\",\"title\":\"Resursi\"}}],\"props\":{\"class\":\"partners-accordion\",\"collapsible\":true,\"content_column_breakpoint\":\"m\",\"content_dropcap\":false,\"id\":\"accordion-image-top\",\"image_align\":\"top\",\"image_grid_breakpoint\":\"m\",\"image_grid_width\":\"1-2\",\"image_height\":\"300\",\"image_svg_color\":\"emphasis\",\"link_style\":\"primary\",\"link_target\":true,\"link_text\":\"[website_text]\",\"maxwidth\":\"large\",\"multiple\":false,\"show_image\":false,\"show_link\":true,\"text_align\":\"center\"}}]},{\"type\":\"column\",\"props\":{\"image_position\":\"center-center\",\"position_sticky_breakpoint\":\"m\",\"width_medium\":\"1-2\"},\"children\":[{\"type\":\"image\",\"props\":{\"block_align\":\"right\",\"block_align_breakpoint\":\"m\",\"block_align_fallback\":\"center\",\"image\":\"wp-content\\\/uploads\\\/2024\\\/05\\\/EPIC-About-07.svg\",\"image_alt\":\"About EPIC project\",\"image_svg_color\":\"emphasis\",\"image_width\":380,\"margin\":\"default\",\"maxwidth\":\"medium\",\"maxwidth_breakpoint\":\"m\",\"text_align\":\"center\",\"text_align_breakpoint\":\"m\",\"text_align_fallback\":\"center\"}}]}]}]},{\"type\":\"section\",\"props\":{\"animation\":\"slide-left-medium\",\"animation_delay\":\"200\",\"image_position\":\"center-center\",\"padding_remove_bottom\":true,\"padding_remove_top\":false,\"style\":\"default\",\"title_breakpoint\":\"xl\",\"title_position\":\"top-left\",\"title_rotation\":\"left\",\"vertical_align\":\"\",\"width\":\"default\"},\"children\":[{\"type\":\"row\",\"children\":[{\"type\":\"column\",\"props\":{\"image_position\":\"center-center\",\"position_sticky_breakpoint\":\"m\",\"width_medium\":\"2-3\"},\"children\":[{\"type\":\"headline\",\"props\":{\"content\":\"Partneri\",\"title_element\":\"h1\",\"title_style\":\"heading-small\"}},{\"name\":\"Partners Accordion\",\"type\":\"accordion\",\"children\":[{\"type\":\"accordion_item\",\"props\":{\"content\":\"KMOP \\u2013 Social Action and Innovation Centre, osnovan 1977. godine, jedna je od najstarijih organizacija civilnog dru\\u0161tva u Gr\\u010dkoj koja pru\\u017ea usluge dru\\u0161tvene podr\\u0161ke i provodi razli\\u010dite programe usmjerene na osna\\u017eivanje i pobolj\\u0161anje dobrobiti pojedinaca i zajednica. KMOP je osnovao KMOP Centar za obrazovanje i inovacije s ciljem stvaranja centra znanja koji pru\\u017ea pristup \\u0161irokom spektru obrazovnih programa, resursa i treninga, koriste\\u0107i znanje koje je organizacija stekla kroz svoj dugogodi\\u0161nji rad u tom podru\\u010dju.\",\"image\":\"wp-content\\\/uploads\\\/2026\\\/03\\\/KMOP-education-hub-01.svg\",\"image_alt\":\"KMOP-education-hub\",\"link\":\"https:\\\/\\\/www.kmop.gr\\\/\",\"title\":\"KMOP \\u2013 Social Action and Innovation Centre\"}},{\"type\":\"accordion_item\",\"props\":{\"content\":\"Sarajevo susret kultura je nevladina i neprofitna organizacija osnovana 2012. godine s glavnim ciljem prikazivanja i slavljenja raznovrsne kulturne ba\\u0161tine Bosne i Hercegovine. Na\\u0161 primarni fokus je promoviranje Sarajeva i Bosne i Hercegovine kao simbola tolerancije, mira i harmoni\\u010dnog su\\u017eivota razli\\u010ditih kultura. Sarajevo susret kultura cijeni se zbog svoje stru\\u010dnosti u uklju\\u010divanju mladih, koriste\\u0107i dinami\\u010dne strategije za osna\\u017eivanje mladih pojedinaca i poticanje kreativnosti.\",\"image\":\"wp-content\\\/uploads\\\/2026\\\/03\\\/Sarajevo-meeting-of-cultures.png\",\"image_alt\":\"Sarajevo-meeting-of-cultures\",\"link\":\"https:\\\/\\\/smoc.ba\\\/en\\\/home\",\"title\":\"Sarajevo susret kultura (SMOC)\"}},{\"type\":\"accordion_item\",\"props\":{\"content\":\"People in Focus (PiF) je neprofitna, nevladina, nepoliti\\u010dka i neovisna organizacija sa sjedi\\u0161tem u Tirani, Albaniji. PiF djeluje u podru\\u010dju ljudskih prava i socijalne inkluzije, me\\u0111ukulturnog dijaloga, aktivnog gra\\u0111anstva, medijske pismenosti i osna\\u017eivanja mladih. Djelovanje PiF-a usmjereno je na odr\\u017eivo okru\\u017eenje i tr\\u017ei\\u0161te rada kroz strukovno  obrazovanje i dru\\u0161tveno poduzetni\\u0161tvo. Organizacija ima za cilj podr\\u017eati i predstavljati albansko dru\\u0161tvo kako bi se \\u010duli glasovi gra\\u0111ana, promovirala ljudska prava i dijalog.\",\"image\":\"wp-content\\\/uploads\\\/2026\\\/03\\\/People-in-Focus-PiF.png\",\"image_alt\":\"People-in-Focus-PiF\",\"link\":\"https:\\\/\\\/peopleinfocus.org\\\/en\\\/kreu-english\\\/\",\"title\":\"People in Focus (PiF)\"}},{\"type\":\"accordion_item\",\"props\":{\"content\":\"Peer Educators Network (PEN) je nevladina i neprofitna omladinska organizacija osnovana 2008. godine. Na\\u0161a glavna podru\\u010dja djelovanja su osna\\u017eivanje mladih i zapo\\u0161ljavanje, volontiranje, rodna ravnopravnost, dru\\u0161tvene inovacije i poduzetni\\u0161tvo, zdravi na\\u010dini \\u017eivota, borba protiv nasilja, okoli\\u0161 i dru\\u0161tvena inkluzija. Sjedi\\u0161te PEN-a je u Pri\\u0161tini, ali djelujemo u svim regijama Kosova. PEN ima \\u0161iroku mre\\u017eu volontera i aktivista koji djeluju diljem Kosova kao nositelji pozitivnih promjena u svojim zajednicama.\",\"image\":\"wp-content\\\/uploads\\\/2026\\\/03\\\/penlogo.png\",\"image_alt\":\"Peer Educators Network (PEN)\",\"link\":\"https:\\\/\\\/ngo-pen.com\\\/\",\"title\":\"Peer Educators Network (PEN)\"}},{\"type\":\"accordion_item\",\"props\":{\"content\":\"Na\\u0161a misija je pru\\u017eiti na\\u0161im klijentima i partnerskim organizacijama neusporedivu razinu stru\\u010dne podr\\u0161ke kako bi mogli definirati i ostvariti svoje operativne ciljeve i dugoro\\u010dne strate\\u0161ke ciljeve. Poma\\u017eemo na\\u0161im klijentima integrirati tehnolo\\u0161ka unapre\\u0111enja i alate za pove\\u0107anje produktivnosti u njihovim procesima, s ciljem pobolj\\u0161anja performansi, pove\\u0107anja produktivnosti i poticanja profitabilnosti.\",\"image\":\"wp-content\\\/uploads\\\/2026\\\/03\\\/INNOVADE-LI.svg\",\"image_alt\":\"INNOVADE LI\",\"link\":\"https:\\\/\\\/www.innovade.eu\\\/\",\"title\":\"Innovade LI\"}},{\"type\":\"accordion_item\",\"props\":{\"content\":\"CARDET je vode\\u0107i centar za istra\\u017eivanje i razvoj u mediteranskoj regiji s globalnom stru\\u010dno\\u0161\\u0107u u strukovnom obrazovanju, poduzetni\\u0161tvu, digitalnim vje\\u0161tinama i izgradnji kapaciteta. Kao najve\\u0107i neovisni neprofitni centar sa sjedi\\u0161tem na Kipru, CARDET je neovisno povezan s sveu\\u010dili\\u0161tima i institucijama diljem svijeta, poput Yale University, Sveu\\u010dili\\u0161ta u Nikoziji i Me\\u0111unarodnog vije\\u0107a za obrazovne medije.\",\"image\":\"wp-content\\\/uploads\\\/2026\\\/03\\\/CARDET.svg\",\"image_alt\":\"CARDET\",\"link\":\"https:\\\/\\\/cardet.org\\\/\",\"title\":\"CARDET\"}}],\"props\":{\"class\":\"partners-accordion\",\"collapsible\":true,\"content_column_breakpoint\":\"m\",\"content_dropcap\":false,\"id\":\"accordion-image-top\",\"image_align\":\"left\",\"image_grid_breakpoint\":\"m\",\"image_grid_width\":\"auto\",\"image_svg_color\":\"emphasis\",\"image_width\":200,\"link_style\":\"primary\",\"link_target\":true,\"link_text\":\"Web stranica\",\"maxwidth\":\"2xlarge\",\"multiple\":false,\"show_image\":true,\"show_link\":true,\"text_align\":\"left\"}}]},{\"type\":\"column\",\"props\":{\"image_position\":\"center-center\",\"position_sticky_breakpoint\":\"m\",\"width_medium\":\"1-3\"}}],\"props\":{\"layout\":\"2-3,1-3\"}}],\"name\":\"Partners (EN)\"}],\"version\":\"4.5.7\"} --><\/p>\n","protected":false},"excerpt":{"rendered":"<p>Projekt EPIC prepoznaje zna\u010daj aktivnog gra\u0111anstva u poticanju dru\u0161tvenih promjena i suo\u010davanju s dru\u0161tvenim izazovima. Kroz projekt, omladinski radnici i mladi ljudi na Zapadnom Balkanu..<\/p>\n","protected":false},"author":1,"featured_media":0,"parent":0,"menu_order":0,"comment_status":"closed","ping_status":"closed","template":"","meta":{"_acf_changed":false,"inline_featured_image":false,"footnotes":""},"class_list":["post-913","page","type-page","status-publish","hentry"],"acf":[],"_links":{"self":[{"href":"https:\/\/epic-project.eu\/bs\/wp-json\/wp\/v2\/pages\/913","targetHints":{"allow":["GET"]}}],"collection":[{"href":"https:\/\/epic-project.eu\/bs\/wp-json\/wp\/v2\/pages"}],"about":[{"href":"https:\/\/epic-project.eu\/bs\/wp-json\/wp\/v2\/types\/page"}],"author":[{"embeddable":true,"href":"https:\/\/epic-project.eu\/bs\/wp-json\/wp\/v2\/users\/1"}],"replies":[{"embeddable":true,"href":"https:\/\/epic-project.eu\/bs\/wp-json\/wp\/v2\/comments?post=913"}],"version-history":[{"count":10,"href":"https:\/\/epic-project.eu\/bs\/wp-json\/wp\/v2\/pages\/913\/revisions"}],"predecessor-version":[{"id":2042,"href":"https:\/\/epic-project.eu\/bs\/wp-json\/wp\/v2\/pages\/913\/revisions\/2042"}],"wp:attachment":[{"href":"https:\/\/epic-project.eu\/bs\/wp-json\/wp\/v2\/media?parent=913"}],"curies":[{"name":"wp","href":"https:\/\/api.w.org\/{rel}","templated":true}]}}