{"id":1543,"date":"2025-05-28T15:24:34","date_gmt":"2025-05-28T13:24:34","guid":{"rendered":"https:\/\/epic-project.eu\/tot\/"},"modified":"2025-10-22T15:14:35","modified_gmt":"2025-10-22T13:14:35","slug":"tot","status":"publish","type":"page","link":"https:\/\/epic-project.eu\/bs\/tot\/","title":{"rendered":"Obuka trenera"},"content":{"rendered":"<div>\n<p>        <img decoding=\"async\" src=\"\/wp-content\/uploads\/2025\/03\/EPIC_Manual-16.svg\" alt=\"\"><\/p>\n<div>\n<p>Kao dio projekta \u201ePoduzetni\u010dko gra\u0111anstvo za dru\u0161tvene promjene\u201c, omladinski radnici iz Albanije, Bosne i Hercegovine i Kosova u\u010destvovali su na dinami\u010dnoj obuci trenera i studijskoj posjeti u Atini, Gr\u010dka. Tokom tri intenzivna dana, obuka je obuhvatila klju\u010dne teme kao \u0161to su modeli dru\u0161tvenog biznisa, EntreComp okvir i prepoznavanje prilika u dru\u0161tvenom poduzetni\u0161tvu.<br \/>\n U\u010desnici su imali priliku da pove\u017eu teoriju sa stvarnim primjerima kroz inspirativne studijske posjete. U Shedia Home upoznali su se s timom iza dru\u0161tvenog preduze\u0107a koje podr\u017eava osobe koje se suo\u010davaju s besku\u0107ni\u0161tvom, otkrivaju\u0107i kako kreativni projekti i dru\u0161tvene inicijative mogu napraviti zna\u010dajan uticaj. Posjeta op\u0161tinskoj pijaci Kypseli pru\u017eila je uvid u to kako \u017eivi dru\u0161tveni prostori mogu podsticati lokalno preduzetni\u0161tvo i ja\u010dati veze u zajednici.<\/p>\n<p>Tokom radionice u\u010desnici su razmjenjivali ideje, gradili veze i razvijali prakti\u010dne vje\u0161tine koje \u0107e im pomo\u0107i da poduzetni\u010dko gra\u0111anstvo prenesu u svoje zajednice. Zahvaljujemo svim projektnim partnerima na saradnji.<br \/>\n Ovo iskustvo obuke bilo je puno u\u010denja, inspiracije i nezaboravnih trenutaka \u2013 a to je tek po\u010detak!<br \/>\n Saznajte vi\u0161e u \u201eIzvje\u0161taju o obuci trenera i studijskoj posjeti\u201c. Tako\u0111er mo\u017eete prona\u0107i prezentacije kori\u0161tene tokom obuke.<\/p>\n<\/div>\n<\/div>\n<h1>Preuzimanja:<\/h1>\n<p><p>\n        <a href=\"\/wp-content\/uploads\/2025\/06\/PU-Trainings-Study-Visits-Public-Materials-Report.pdf\">Report<\/a>\n    <\/p>\n<\/p>\n<hr>\n<p><p>\n        <a href=\"\/wp-content\/uploads\/2025\/06\/EPIC_TTT-Athens-13-1505_Presentation.pdf\">Workshop Presentation<\/a>\n    <\/p>\n<\/p>\n<hr>\n<p><p>\n        <a href=\"\/wp-content\/uploads\/2025\/06\/EPIC_Module-1_Presentation.pdf\">Module 1 &#8211; Presentation<\/a>\n    <\/p>\n<\/p>\n<hr>\n<p><p>\n        <a href=\"\/wp-content\/uploads\/2025\/06\/EPIC_Module-2_Presentation.pdf\">Module 2 &#8211; Presentation<\/a>\n    <\/p>\n<\/p>\n<hr>\n<p><p>\n        <a href=\"\/wp-content\/uploads\/2025\/06\/EPIC_Module-3_Presentation.pdf\">Module 3 &#8211; Presentation<\/a>\n    <\/p>\n<\/p>\n<hr>\n<p><p>\n        <a href=\"\/wp-content\/uploads\/2025\/06\/EPIC_Module-4_Presentation.pdf\">Module 4 &#8211; Presentation<\/a>\n    <\/p>\n<\/p>\n<hr>\n<p><p>\n        <a href=\"\/wp-content\/uploads\/2025\/06\/EPIC_Module-5_Presentation.pdf\">Module 5 &#8211; Presentation<\/a>\n    <\/p>\n<\/p>\n<hr>\n<p><p>\n        <a href=\"\/wp-content\/uploads\/2025\/06\/EPIC_Module-6_Presentation.pdf\">Module 6 &#8211; Presentation<\/a>\n    <\/p>\n<\/p>\n<p><!--more--><br \/>\n<!-- {\"type\":\"layout\",\"children\":[{\"type\":\"section\",\"props\":{\"animation\":\"fade\",\"animation_delay\":\"220\",\"height\":\"section\",\"image_position\":\"center-center\",\"padding_remove_bottom\":true,\"padding_remove_top\":false,\"style\":\"default\",\"title_breakpoint\":\"xl\",\"title_position\":\"top-left\",\"title_rotation\":\"left\",\"vertical_align\":\"\",\"width\":\"default\"},\"children\":[{\"type\":\"row\",\"children\":[{\"type\":\"column\",\"props\":{\"image_position\":\"center-center\",\"position_sticky_breakpoint\":\"m\"},\"children\":[{\"type\":\"headline\",\"props\":{\"text_align\":\"left\",\"title_element\":\"h1\",\"title_style\":\"heading-medium\"},\"name\":\"headline-pages\",\"source\":{\"query\":{\"name\":\"pages.singlePage\"},\"props\":{\"content\":{\"filters\":{\"search\":\"\"},\"name\":\"title\"}}}}]}]},{\"type\":\"row\",\"children\":[{\"type\":\"column\",\"props\":{\"image_position\":\"center-center\",\"position_sticky_breakpoint\":\"m\"},\"children\":[{\"type\":\"panel\",\"props\":{\"content\":\"\n\n<p>Kao dio projekta \\u201ePoduzetni\\u010dko gra\\u0111anstvo za dru\\u0161tvene promjene\\u201c, omladinski radnici iz Albanije, Bosne i Hercegovine i Kosova u\\u010destvovali su na dinami\\u010dnoj obuci trenera i studijskoj posjeti u Atini, Gr\\u010dka. Tokom tri intenzivna dana, obuka je obuhvatila klju\\u010dne teme kao \\u0161to su modeli dru\\u0161tvenog biznisa, EntreComp okvir i prepoznavanje prilika u dru\\u0161tvenom poduzetni\\u0161tvu.\\n U\\u010desnici su imali priliku da pove\\u017eu teoriju sa stvarnim primjerima kroz inspirativne studijske posjete. U Shedia Home upoznali su se s timom iza dru\\u0161tvenog preduze\\u0107a koje podr\\u017eava osobe koje se suo\\u010davaju s besku\\u0107ni\\u0161tvom, otkrivaju\\u0107i kako kreativni projekti i dru\\u0161tvene inicijative mogu napraviti zna\\u010dajan uticaj. Posjeta op\\u0161tinskoj pijaci Kypseli pru\\u017eila je uvid u to kako \\u017eivi dru\\u0161tveni prostori mogu podsticati lokalno preduzetni\\u0161tvo i ja\\u010dati veze u zajednici.\\n \\n<\\\/p>\\n\n\n<p>Tokom radionice u\\u010desnici su razmjenjivali ideje, gradili veze i razvijali prakti\\u010dne vje\\u0161tine koje \\u0107e im pomo\\u0107i da poduzetni\\u010dko gra\\u0111anstvo prenesu u svoje zajednice. Zahvaljujemo svim projektnim partnerima na saradnji.\\n Ovo iskustvo obuke bilo je puno u\\u010denja, inspiracije i nezaboravnih trenutaka \\u2013 a to je tek po\\u010detak!\\n Saznajte vi\\u0161e u \\u201eIzvje\\u0161taju o obuci trenera i studijskoj posjeti\\u201c. Tako\\u0111er mo\\u017eete prona\\u0107i prezentacije kori\\u0161tene tokom obuke.<\\\/p>\",\"content_column\":\"1-2\",\"content_column_breakpoint\":\"m\",\"icon_width\":80,\"image\":\"wp-content\\\/uploads\\\/2025\\\/03\\\/EPIC_Manual-16.svg\",\"image_align\":\"left\",\"image_grid_breakpoint\":\"m\",\"image_grid_column_gap\":\"small\",\"image_grid_row_gap\":\"small\",\"image_grid_width\":\"auto\",\"image_svg_color\":\"emphasis\",\"image_width\":220,\"link_style\":\"default\",\"link_text\":\"Read more\",\"margin\":\"default\",\"meta_align\":\"below-title\",\"meta_element\":\"div\",\"meta_style\":\"text-meta\",\"title_align\":\"top\",\"title_element\":\"h3\",\"title_grid_breakpoint\":\"m\",\"title_grid_width\":\"1-2\",\"title_hover_style\":\"reset\"}}]}]},{\"type\":\"row\",\"children\":[{\"type\":\"column\",\"props\":{\"image_position\":\"center-center\",\"position_sticky_breakpoint\":\"m\"},\"children\":[{\"type\":\"headline\",\"props\":{\"content\":\"Preuzimanja:\",\"title_element\":\"h1\",\"title_style\":\"h1\"}}]}]},{\"type\":\"row\",\"children\":[{\"type\":\"column\",\"props\":{\"image_position\":\"center-center\",\"position_sticky_breakpoint\":\"m\"},\"children\":[{\"type\":\"button\",\"props\":{\"grid_column_gap\":\"small\",\"grid_row_gap\":\"small\",\"margin\":\"default\"},\"children\":[{\"type\":\"button_item\",\"props\":{\"button_style\":\"default\",\"content\":\"Report\",\"dialog_layout\":\"modal\",\"dialog_offcanvas_flip\":true,\"icon\":\"download\",\"icon_align\":\"right\",\"link\":\"wp-content\\\/uploads\\\/2025\\\/06\\\/PU-Trainings-Study-Visits-Public-Materials-Report.pdf\",\"link_target\":\"blank\"}}]}]}]},{\"type\":\"row\",\"children\":[{\"type\":\"column\",\"props\":{\"image_position\":\"center-center\",\"position_sticky_breakpoint\":\"m\"},\"children\":[{\"type\":\"divider\",\"props\":{\"divider_element\":\"hr\",\"divider_style\":\"icon\"}}]}]},{\"type\":\"row\",\"children\":[{\"type\":\"column\",\"props\":{\"image_position\":\"center-center\",\"position_sticky_breakpoint\":\"m\"},\"children\":[{\"type\":\"button\",\"props\":{\"grid_column_gap\":\"small\",\"grid_row_gap\":\"small\",\"margin\":\"default\"},\"children\":[{\"type\":\"button_item\",\"props\":{\"button_style\":\"default\",\"content\":\"Workshop Presentation\",\"dialog_layout\":\"modal\",\"dialog_offcanvas_flip\":true,\"icon\":\"download\",\"icon_align\":\"right\",\"link\":\"wp-content\\\/uploads\\\/2025\\\/06\\\/EPIC_TTT-Athens-13-1505_Presentation.pdf\",\"link_target\":\"blank\"}}]}]}]},{\"type\":\"row\",\"children\":[{\"type\":\"column\",\"props\":{\"image_position\":\"center-center\",\"position_sticky_breakpoint\":\"m\"},\"children\":[{\"type\":\"divider\",\"props\":{\"divider_element\":\"hr\",\"divider_style\":\"icon\"}}]}]},{\"type\":\"row\",\"children\":[{\"type\":\"column\",\"props\":{\"image_position\":\"center-center\",\"position_sticky_breakpoint\":\"m\"},\"children\":[{\"type\":\"button\",\"props\":{\"grid_column_gap\":\"small\",\"grid_row_gap\":\"small\",\"margin\":\"default\"},\"children\":[{\"type\":\"button_item\",\"props\":{\"button_style\":\"default\",\"content\":\"Module 1 - Presentation\",\"dialog_layout\":\"modal\",\"dialog_offcanvas_flip\":true,\"icon\":\"download\",\"icon_align\":\"right\",\"link\":\"wp-content\\\/uploads\\\/2025\\\/06\\\/EPIC_Module-1_Presentation.pdf\",\"link_target\":\"blank\"}}]}]}]},{\"type\":\"row\",\"children\":[{\"type\":\"column\",\"props\":{\"image_position\":\"center-center\",\"position_sticky_breakpoint\":\"m\"},\"children\":[{\"type\":\"divider\",\"props\":{\"divider_element\":\"hr\",\"divider_style\":\"icon\"}}]}]},{\"type\":\"row\",\"children\":[{\"type\":\"column\",\"props\":{\"image_position\":\"center-center\",\"position_sticky_breakpoint\":\"m\"},\"children\":[{\"type\":\"button\",\"props\":{\"grid_column_gap\":\"small\",\"grid_row_gap\":\"small\",\"margin\":\"default\"},\"children\":[{\"type\":\"button_item\",\"props\":{\"button_style\":\"default\",\"content\":\"Module 2 - Presentation\",\"dialog_layout\":\"modal\",\"dialog_offcanvas_flip\":true,\"icon\":\"download\",\"icon_align\":\"right\",\"link\":\"wp-content\\\/uploads\\\/2025\\\/06\\\/EPIC_Module-2_Presentation.pdf\",\"link_target\":\"blank\"}}]}]}]},{\"type\":\"row\",\"children\":[{\"type\":\"column\",\"props\":{\"image_position\":\"center-center\",\"position_sticky_breakpoint\":\"m\"},\"children\":[{\"type\":\"divider\",\"props\":{\"divider_element\":\"hr\",\"divider_style\":\"icon\"}}]}]},{\"type\":\"row\",\"children\":[{\"type\":\"column\",\"props\":{\"image_position\":\"center-center\",\"position_sticky_breakpoint\":\"m\"},\"children\":[{\"type\":\"button\",\"props\":{\"grid_column_gap\":\"small\",\"grid_row_gap\":\"small\",\"margin\":\"default\"},\"children\":[{\"type\":\"button_item\",\"props\":{\"button_style\":\"default\",\"content\":\"Module 3 - Presentation\",\"dialog_layout\":\"modal\",\"dialog_offcanvas_flip\":true,\"icon\":\"download\",\"icon_align\":\"right\",\"link\":\"wp-content\\\/uploads\\\/2025\\\/06\\\/EPIC_Module-3_Presentation.pdf\",\"link_target\":\"blank\"}}]}]}]},{\"type\":\"row\",\"children\":[{\"type\":\"column\",\"props\":{\"image_position\":\"center-center\",\"position_sticky_breakpoint\":\"m\"},\"children\":[{\"type\":\"divider\",\"props\":{\"divider_element\":\"hr\",\"divider_style\":\"icon\"}}]}]},{\"type\":\"row\",\"children\":[{\"type\":\"column\",\"props\":{\"image_position\":\"center-center\",\"position_sticky_breakpoint\":\"m\"},\"children\":[{\"type\":\"button\",\"props\":{\"grid_column_gap\":\"small\",\"grid_row_gap\":\"small\",\"margin\":\"default\"},\"children\":[{\"type\":\"button_item\",\"props\":{\"button_style\":\"default\",\"content\":\"Module 4 - Presentation\",\"dialog_layout\":\"modal\",\"dialog_offcanvas_flip\":true,\"icon\":\"download\",\"icon_align\":\"right\",\"link\":\"wp-content\\\/uploads\\\/2025\\\/06\\\/EPIC_Module-4_Presentation.pdf\",\"link_target\":\"blank\"}}]}]}]},{\"type\":\"row\",\"children\":[{\"type\":\"column\",\"props\":{\"image_position\":\"center-center\",\"position_sticky_breakpoint\":\"m\"},\"children\":[{\"type\":\"divider\",\"props\":{\"divider_element\":\"hr\",\"divider_style\":\"icon\"}}]}]},{\"type\":\"row\",\"children\":[{\"type\":\"column\",\"props\":{\"image_position\":\"center-center\",\"position_sticky_breakpoint\":\"m\"},\"children\":[{\"type\":\"button\",\"props\":{\"grid_column_gap\":\"small\",\"grid_row_gap\":\"small\",\"margin\":\"default\"},\"children\":[{\"type\":\"button_item\",\"props\":{\"button_style\":\"default\",\"content\":\"Module 5 - Presentation\",\"dialog_layout\":\"modal\",\"dialog_offcanvas_flip\":true,\"icon\":\"download\",\"icon_align\":\"right\",\"link\":\"wp-content\\\/uploads\\\/2025\\\/06\\\/EPIC_Module-5_Presentation.pdf\",\"link_target\":\"blank\"}}]}]}]},{\"type\":\"row\",\"children\":[{\"type\":\"column\",\"props\":{\"image_position\":\"center-center\",\"position_sticky_breakpoint\":\"m\"},\"children\":[{\"type\":\"divider\",\"props\":{\"divider_element\":\"hr\",\"divider_style\":\"icon\"}}]}]},{\"type\":\"row\",\"children\":[{\"type\":\"column\",\"props\":{\"image_position\":\"center-center\",\"position_sticky_breakpoint\":\"m\"},\"children\":[{\"type\":\"button\",\"props\":{\"grid_column_gap\":\"small\",\"grid_row_gap\":\"small\",\"margin\":\"default\"},\"children\":[{\"type\":\"button_item\",\"props\":{\"button_style\":\"default\",\"content\":\"Module 6 - Presentation\",\"dialog_layout\":\"modal\",\"dialog_offcanvas_flip\":true,\"icon\":\"download\",\"icon_align\":\"right\",\"link\":\"wp-content\\\/uploads\\\/2025\\\/06\\\/EPIC_Module-6_Presentation.pdf\",\"link_target\":\"blank\"}}]}]}]}]}],\"version\":\"4.5.7\"} --><\/p>\n","protected":false},"excerpt":{"rendered":"<p>Kao dio projekta \u201ePoduzetni\u010dko gra\u0111anstvo za dru\u0161tvene promjene\u201c, omladinski radnici iz Albanije, Bosne i Hercegovine i Kosova u\u010destvovali su na dinami\u010dnoj obuci trenera i studijskoj..<\/p>\n","protected":false},"author":1,"featured_media":0,"parent":0,"menu_order":0,"comment_status":"closed","ping_status":"closed","template":"","meta":{"_acf_changed":false,"inline_featured_image":false,"footnotes":""},"class_list":["post-1543","page","type-page","status-publish","hentry"],"acf":[],"_links":{"self":[{"href":"https:\/\/epic-project.eu\/bs\/wp-json\/wp\/v2\/pages\/1543","targetHints":{"allow":["GET"]}}],"collection":[{"href":"https:\/\/epic-project.eu\/bs\/wp-json\/wp\/v2\/pages"}],"about":[{"href":"https:\/\/epic-project.eu\/bs\/wp-json\/wp\/v2\/types\/page"}],"author":[{"embeddable":true,"href":"https:\/\/epic-project.eu\/bs\/wp-json\/wp\/v2\/users\/1"}],"replies":[{"embeddable":true,"href":"https:\/\/epic-project.eu\/bs\/wp-json\/wp\/v2\/comments?post=1543"}],"version-history":[{"count":4,"href":"https:\/\/epic-project.eu\/bs\/wp-json\/wp\/v2\/pages\/1543\/revisions"}],"predecessor-version":[{"id":1972,"href":"https:\/\/epic-project.eu\/bs\/wp-json\/wp\/v2\/pages\/1543\/revisions\/1972"}],"wp:attachment":[{"href":"https:\/\/epic-project.eu\/bs\/wp-json\/wp\/v2\/media?parent=1543"}],"curies":[{"name":"wp","href":"https:\/\/api.w.org\/{rel}","templated":true}]}}