{"id":1301,"date":"2025-03-05T12:56:18","date_gmt":"2025-03-05T10:56:18","guid":{"rendered":"https:\/\/epic-project.eu\/manual\/"},"modified":"2025-10-22T13:44:08","modified_gmt":"2025-10-22T11:44:08","slug":"manual","status":"publish","type":"page","link":"https:\/\/epic-project.eu\/bs\/manual\/","title":{"rendered":"Priru\u010dnik"},"content":{"rendered":"<div>\n<p><span style=\"font-weight: 400;\">Ovaj odjeljak sadr\u017ei EPIC kurikulum o socijalnom poduzetni\u0161tvu u obliku interaktivnog e-kursa, kao i u obliku PDF-a za preuzimanje.<\/span><\/p>\n<p><span style=\"font-weight: 400;\">Kurikulum ima za cilj pobolj\u0161anje vje\u0161tina socijalnog poduzetni\u0161tva kod mladih, opremaju\u0107i ih potrebnim alatima i resursima za razvoj socijalnog poduzetni\u010dkog na\u010dina razmi\u0161ljanja i vje\u0161tina na Zapadnom Balkanu. Kurikulum je organizovan na sljede\u0107i na\u010din:<\/span><\/p>\n<ul>\n<li style=\"font-weight: 400;\" aria-level=\"1\"><span style=\"font-weight: 400;\">Moduli: Nastavni sadr\u017eaj organizovan u online module i procjene.<\/span><\/li>\n<li style=\"font-weight: 400;\" aria-level=\"1\"><span style=\"font-weight: 400;\">Priru\u010dnik: Priru\u010dnik &#8220;Obuka trenera&#8221; je instruktivni vodi\u010d za izvo\u0111enje EPIC kurikuluma o socijalnom poduzetni\u0161tvu.<\/span><\/li>\n<li style=\"font-weight: 400;\" aria-level=\"1\"><span style=\"font-weight: 400;\">Ostali materijali: Dopunski resursi koji prate osnovni kurikulum i priru\u010dnik.<\/span><\/li>\n<\/ul>\n<\/div>\n<div>\n<p>        <img decoding=\"async\" src=\"\/wp-content\/uploads\/2025\/03\/EPIC_Manual-16.svg\" alt=\"\"><\/p>\n<h3>Priru\u010dnik za obuku trenera<\/h3>\n<div>Ovaj priru\u010dnik je va\u0161 vodi\u010d za podu\u010davanje EPIC kurikuluma o dru\u0161tvenom poduzetni\u0161tvu te kako postati vje\u0161t i inspirativan trener dru\u0161tvenog poduzetni\u0161tva za mlade u Zapadnom Balkanu.\n<\/div>\n<p><a href=\"\/wp-content\/uploads\/2025\/03\/EPIC_\u03a42.3_Manual_EN.pdf\">Pro\u010ditajte priru\u010dnik<\/a><\/p>\n<\/div>\n<p><!--more--><br \/>\n<!-- {\"type\":\"layout\",\"children\":[{\"type\":\"section\",\"props\":{\"animation\":\"fade\",\"animation_delay\":\"220\",\"height\":\"section\",\"image_position\":\"center-center\",\"padding_remove_bottom\":true,\"padding_remove_top\":false,\"style\":\"default\",\"title_breakpoint\":\"xl\",\"title_position\":\"top-left\",\"title_rotation\":\"left\",\"vertical_align\":\"\",\"width\":\"default\"},\"children\":[{\"type\":\"row\",\"children\":[{\"type\":\"column\",\"props\":{\"image_position\":\"center-center\",\"position_sticky_breakpoint\":\"m\"},\"children\":[{\"type\":\"headline\",\"props\":{\"text_align\":\"left\",\"title_element\":\"h1\",\"title_style\":\"heading-medium\"},\"name\":\"headline-pages\",\"source\":{\"query\":{\"name\":\"pages.singlePage\"},\"props\":{\"content\":{\"filters\":{\"search\":\"\"},\"name\":\"title\"}}}}]}]},{\"type\":\"row\",\"children\":[{\"type\":\"column\",\"props\":{\"image_position\":\"center-center\",\"position_sticky_breakpoint\":\"m\"},\"children\":[{\"type\":\"text\",\"props\":{\"column_breakpoint\":\"m\",\"content\":\"\n\n<p><span style=\\\"font-weight: 400;\\\">Ovaj odjeljak sadr\\u017ei EPIC kurikulum o socijalnom poduzetni\\u0161tvu u obliku interaktivnog e-kursa, kao i u obliku PDF-a za preuzimanje.<\\\/span><\\\/p>\\n\n\n<p><span style=\\\"font-weight: 400;\\\">Kurikulum ima za cilj pobolj\\u0161anje vje\\u0161tina socijalnog poduzetni\\u0161tva kod mladih, opremaju\\u0107i ih potrebnim alatima i resursima za razvoj socijalnog poduzetni\\u010dkog na\\u010dina razmi\\u0161ljanja i vje\\u0161tina na Zapadnom Balkanu. Kurikulum je organizovan na sljede\\u0107i na\\u010din:<\\\/span><\\\/p>\\n\n\n<ul>\\n\n\n<li style=\\\"font-weight: 400;\\\" aria-level=\\\"1\\\"><span style=\\\"font-weight: 400;\\\">Moduli: Nastavni sadr\\u017eaj organizovan u online module i procjene.<\\\/span><\\\/li>\\n\n\n<li style=\\\"font-weight: 400;\\\" aria-level=\\\"1\\\"><span style=\\\"font-weight: 400;\\\">Priru\\u010dnik: Priru\\u010dnik \\\"Obuka trenera\\\" je instruktivni vodi\\u010d za izvo\\u0111enje EPIC kurikuluma o socijalnom poduzetni\\u0161tvu.<\\\/span><\\\/li>\\n\n\n<li style=\\\"font-weight: 400;\\\" aria-level=\\\"1\\\"><span style=\\\"font-weight: 400;\\\">Ostali materijali: Dopunski resursi koji prate osnovni kurikulum i priru\\u010dnik.<\\\/span><\\\/li>\\n<\\\/ul>\",\"margin\":\"default\"}}]}]},{\"type\":\"row\",\"children\":[{\"type\":\"column\",\"props\":{\"image_position\":\"center-center\",\"position_sticky_breakpoint\":\"m\"},\"children\":[{\"type\":\"panel\",\"props\":{\"content\":\"Ovaj priru\\u010dnik je va\\u0161 vodi\\u010d za podu\\u010davanje EPIC kurikuluma o dru\\u0161tvenom poduzetni\\u0161tvu te kako postati vje\\u0161t i inspirativan trener dru\\u0161tvenog poduzetni\\u0161tva za mlade u Zapadnom Balkanu.\\n\",\"content_align\":true,\"content_column_breakpoint\":\"m\",\"css\":\".el-link {\\n\\tfloat: right;\\n}\",\"icon_width\":80,\"image\":\"wp-content\\\/uploads\\\/2025\\\/03\\\/EPIC_Manual-16.svg\",\"image_align\":\"left\",\"image_grid_breakpoint\":\"m\",\"image_grid_row_gap\":\"small\",\"image_grid_width\":\"auto\",\"image_svg_color\":\"emphasis\",\"image_width\":220,\"link\":\"\\\/wp-content\\\/uploads\\\/2025\\\/03\\\/EPIC_\\u03a42.3_Manual_EN.pdf\",\"link_style\":\"default\",\"link_text\":\"Pro\\u010ditajte priru\\u010dnik\",\"margin\":\"default\",\"meta_align\":\"below-title\",\"meta_element\":\"div\",\"meta_style\":\"text-meta\",\"title\":\"Priru\\u010dnik za obuku trenera\",\"title_align\":\"top\",\"title_element\":\"h3\",\"title_grid_breakpoint\":\"m\",\"title_grid_width\":\"1-2\",\"title_hover_style\":\"reset\"}}]}]}]}],\"version\":\"4.5.7\"} --><\/p>\n","protected":false},"excerpt":{"rendered":"<p>Ovaj odjeljak sadr\u017ei EPIC kurikulum o socijalnom poduzetni\u0161tvu u obliku interaktivnog e-kursa, kao i u obliku PDF-a za preuzimanje. Kurikulum ima za cilj pobolj\u0161anje vje\u0161tina..<\/p>\n","protected":false},"author":1,"featured_media":0,"parent":0,"menu_order":0,"comment_status":"closed","ping_status":"closed","template":"","meta":{"_acf_changed":false,"inline_featured_image":false,"footnotes":""},"class_list":["post-1301","page","type-page","status-publish","hentry"],"acf":[],"_links":{"self":[{"href":"https:\/\/epic-project.eu\/bs\/wp-json\/wp\/v2\/pages\/1301","targetHints":{"allow":["GET"]}}],"collection":[{"href":"https:\/\/epic-project.eu\/bs\/wp-json\/wp\/v2\/pages"}],"about":[{"href":"https:\/\/epic-project.eu\/bs\/wp-json\/wp\/v2\/types\/page"}],"author":[{"embeddable":true,"href":"https:\/\/epic-project.eu\/bs\/wp-json\/wp\/v2\/users\/1"}],"replies":[{"embeddable":true,"href":"https:\/\/epic-project.eu\/bs\/wp-json\/wp\/v2\/comments?post=1301"}],"version-history":[{"count":3,"href":"https:\/\/epic-project.eu\/bs\/wp-json\/wp\/v2\/pages\/1301\/revisions"}],"predecessor-version":[{"id":1945,"href":"https:\/\/epic-project.eu\/bs\/wp-json\/wp\/v2\/pages\/1301\/revisions\/1945"}],"wp:attachment":[{"href":"https:\/\/epic-project.eu\/bs\/wp-json\/wp\/v2\/media?parent=1301"}],"curies":[{"name":"wp","href":"https:\/\/api.w.org\/{rel}","templated":true}]}}