{"id":1069,"date":"2024-09-24T09:57:01","date_gmt":"2024-09-24T07:57:01","guid":{"rendered":"https:\/\/epic-project.eu\/reports\/"},"modified":"2025-10-22T15:12:39","modified_gmt":"2025-10-22T13:12:39","slug":"reports","status":"publish","type":"page","link":"https:\/\/epic-project.eu\/bs\/reports\/","title":{"rendered":"Izvje\u0161taji"},"content":{"rendered":"<div>Ovaj odjeljak sadr\u017ei objavljene izvje\u0161taje iz projekta, kao \u0161to su Nacionalni i Transnacionalni izvje\u0161taji o mladima i socijalnom preduzetni\u0161tvu, koji sumiraju nalaze iz terenskog i desk istra\u017eivanja sprovedenog u Albaniji, Kosovu i Bosni i Hercegovini u okviru projekta.\n<\/div>\n<h2>Albanija \u2013 Nacionalni izvje\u0161taj<br \/>\n<\/h2>\n<div>Struktura EPIC projekta ima za cilj da prepozna transformativnu ulogu koju aktivno gra\u0111anstvo mo\u017ee imati u dru\u0161tvu, postavljaju\u0107i temelje za akcije i inicijative koje vode gra\u0111ani s ciljem rje\u0161avanja dru\u0161tvenih pitanja i izazova, djeluju\u0107i kao pokreta\u010d promjena.\n<\/div>\n<p><p>\n        <a href=\"\/wp-content\/uploads\/2024\/09\/EPIC_Albania_National-Report_fv.docx.pdf\">Pro\u010ditajte izvje\u0161taj<\/a>\n    <\/p>\n<\/p>\n<h2>Bosna i Hercegovina \u2013 Nacionalni izvje\u0161taj<br \/>\n<\/h2>\n<div>Nacionalni izvje\u0161taj o dru\u0161tvenom poduzetni\u0161tvu i aktivnom gra\u0111anstvu mladih u Bosni i Hercegovini sintetizira nalaze iz sveobuhvatnih istra\u017eivanja na terenu i analize dokumenata provedenih \u0161irom zemlje.\n<\/div>\n<p><p>\n        <a href=\"\/wp-content\/uploads\/2024\/09\/EPIC_National_Report_BiH_fv.docx.pdf\">Pro\u010ditajte izvje\u0161taj<\/a>\n    <\/p>\n<\/p>\n<hr>\n<h2>Kosovo \u2013 Nacionalni izvje\u0161taj<br \/>\n<\/h2>\n<div>Dru\u0161tveno poduzetni\u0161tvo u zemlji je jo\u0161 u po\u010detnoj fazi. Ekosistem dru\u0161tvenog poduzetni\u0161tva razvija se na Kosovu kroz niz programa za mlade koji \u017eele pokrenuti vlastiti biznis s ciljem unapre\u0111enja svojih zajednica.\n<\/div>\n<p><p>\n        <a href=\"\/wp-content\/uploads\/2024\/09\/EPIC_National_Report_Kosovo_fv.docx.pdf\">Pro\u010ditajte izvje\u0161taj<\/a>\n    <\/p>\n<\/p>\n<h2>Transnacionalni izvje\u0161taj<br \/>\n<\/h2>\n<div>Ovaj transnacionalni izvje\u0161taj predstavlja kulminaciju zajedni\u010dkog istra\u017eiva\u010dkog rada partnera PIF iz Albanije, SMOC iz Bosne i Hercegovine i PEN iz Kosova, pod stru\u010dnim vo\u0111stvom KMOP Education and Innovation Hub-a. Proces istra\u017eivanja uklju\u010divao je sveobuhvatne metode istra\u017eivanja trenutnog stanja i stanja na terenu radi prikupljanja podataka i uvida od razli\u010ditih interesnih strana uklju\u010denih u omladinsko dru\u0161tveno poduzetni\u0161tvo.\n<\/div>\n<p><p>\n        <a href=\"\/wp-content\/uploads\/2024\/09\/WP2_Trasnational-Report_fv.docx.pdf\">Pro\u010ditajte izvje\u0161taj<\/a>\n    <\/p>\n<\/p>\n<hr>\n<p><!--more--><br \/>\n<!-- {\"type\":\"layout\",\"children\":[{\"type\":\"section\",\"props\":{\"animation\":\"slide-bottom-medium\",\"animation_delay\":\"200\",\"image_position\":\"center-center\",\"padding\":\"xsmall\",\"status\":\"disabled\",\"style\":\"default\",\"title_breakpoint\":\"xl\",\"title_position\":\"top-left\",\"title_rotation\":\"left\",\"vertical_align\":\"\",\"width\":\"default\"},\"children\":[{\"type\":\"row\",\"props\":{\"divider\":true,\"layout\":\"1-2,1-2\",\"margin\":\"large\"},\"children\":[{\"type\":\"column\",\"props\":{\"image_position\":\"center-center\",\"position_sticky_breakpoint\":\"m\",\"width_medium\":\"1-2\"},\"children\":[{\"type\":\"headline\",\"props\":{\"content\":\"Kurikulum o dru\\u0161tvenom poduzetni\\u0161tvu\\n\",\"text_align\":\"left\",\"title_element\":\"h2\",\"title_style\":\"h2\"},\"name\":\"Curriculum EN\"},{\"type\":\"text\",\"props\":{\"class\":\"color-w\",\"column_breakpoint\":\"m\",\"content\":\"Ovaj kurikulum je osmi\\u0161ljen da unaprijedi vje\\u0161tine dru\\u0161tvenog poduzetni\\u0161tva kod mladih, pru\\u017eaju\\u0107i im potrebne alate i resurse za razvoj poduzetni\\u010dkog na\\u010dina razmi\\u0161ljanja i vje\\u0161tina u okviru EPIC Erasmus+ projekta na Zapadnom Balkanu.\\n\",\"css\":\".el-element{\\n    color:#000000; \\n}\",\"margin\":\"default\"}},{\"type\":\"button\",\"props\":{\"grid_column_gap\":\"small\",\"grid_row_gap\":\"small\",\"margin\":\"default\"},\"children\":[{\"type\":\"button_item\",\"props\":{\"button_style\":\"default\",\"content\":\"Pro\\u010ditajte kurikulum\",\"dialog_layout\":\"modal\",\"dialog_offcanvas_flip\":true,\"icon_align\":\"left\",\"link\":\"wp-content\\\/uploads\\\/2025\\\/01\\\/EPIC_Curriculum_BCS-1.pdf\",\"link_target\":\"blank\"}}],\"name\":\"PDF\"}]},{\"type\":\"column\",\"props\":{\"image_position\":\"center-center\",\"position_sticky_breakpoint\":\"m\",\"width_medium\":\"1-2\"},\"children\":[{\"type\":\"headline\",\"props\":{\"content\":\"Priru\\u010dnik za obuku trenera\\n\",\"text_align\":\"left\",\"title_element\":\"h2\",\"title_style\":\"h2\"},\"name\":\"TTT manual\"},{\"type\":\"text\",\"props\":{\"class\":\"color-w\",\"column_breakpoint\":\"m\",\"content\":\"Ovaj priru\\u010dnik je va\\u0161 vodi\\u010d za podu\\u010davanje EPIC kurikuluma o dru\\u0161tvenom poduzetni\\u0161tvu i kako postati vje\\u0161t i inspirativan trener dru\\u0161tvenog poduzetni\\u0161tva za mlade u Zapadnom Balkanu.\\n\",\"css\":\".el-element{\\n    color:#000000; \\n}\",\"margin\":\"default\"}},{\"type\":\"button\",\"props\":{\"grid_column_gap\":\"small\",\"grid_row_gap\":\"small\",\"margin\":\"default\"},\"children\":[{\"type\":\"button_item\",\"props\":{\"button_style\":\"default\",\"content\":\"Pro\\u010ditajte priru\\u010dnik\",\"dialog_layout\":\"modal\",\"dialog_offcanvas_flip\":true,\"icon_align\":\"left\",\"link\":\"wp-content\\\/uploads\\\/2025\\\/03\\\/EPIC_\\u03a42.3_Manual_BCS.pdf\",\"link_target\":\"blank\"}}],\"name\":\"PDF\"}]}]},{\"type\":\"row\",\"children\":[{\"type\":\"column\",\"props\":{\"image_position\":\"center-center\",\"position_sticky_breakpoint\":\"m\"},\"children\":[{\"type\":\"divider\",\"props\":{\"css\":\".DDel-element {\\n\\tvisibility: hidden;\\n}\",\"divider_element\":\"hr\",\"visibility\":\"hidden-m\"}}]}]}],\"name\":\"BOS__Curric\\\/Manual - Slide bottom medium 200 - Padding xs\"},{\"type\":\"section\",\"props\":{\"animation\":\"slide-bottom-medium\",\"animation_delay\":\"200\",\"class\":\"bg-blue\",\"image_position\":\"center-center\",\"padding\":\"xsmall\",\"padding_remove_bottom\":false,\"padding_remove_top\":false,\"style\":\"default\",\"title_breakpoint\":\"xl\",\"title_position\":\"top-left\",\"title_rotation\":\"left\",\"vertical_align\":\"\",\"width\":\"default\"},\"children\":[{\"type\":\"row\",\"children\":[{\"type\":\"column\",\"props\":{\"image_position\":\"center-center\",\"position_sticky_breakpoint\":\"m\"},\"children\":[{\"type\":\"headline\",\"props\":{\"text_align\":\"left\",\"title_color\":\"success\",\"title_element\":\"h2\",\"title_style\":\"h2\"},\"name\":\"headline-pages\",\"source\":{\"query\":{\"name\":\"pages.singlePage\"},\"props\":{\"content\":{\"filters\":{\"search\":\"\"},\"name\":\"title\"}}}}]}]},{\"type\":\"row\",\"children\":[{\"type\":\"column\",\"props\":{\"image_position\":\"center-center\",\"position_sticky_breakpoint\":\"m\"},\"children\":[{\"type\":\"text\",\"props\":{\"column_breakpoint\":\"m\",\"content\":\"Ovaj odjeljak sadr\\u017ei objavljene izvje\\u0161taje iz projekta, kao \\u0161to su Nacionalni i Transnacionalni izvje\\u0161taji o mladima i socijalnom preduzetni\\u0161tvu, koji sumiraju nalaze iz terenskog i desk istra\\u017eivanja sprovedenog u Albaniji, Kosovu i Bosni i Hercegovini u okviru projekta.\\n\",\"margin\":\"default\"}}]}]},{\"type\":\"row\",\"props\":{\"divider\":true,\"layout\":\"1-2,1-2\",\"width_expand\":\"right\"},\"children\":[{\"type\":\"column\",\"props\":{\"image_position\":\"center-center\",\"position_sticky_breakpoint\":\"m\",\"width_medium\":\"1-2\"},\"children\":[{\"type\":\"headline\",\"props\":{\"content\":\"Albanija \\u2013 Nacionalni izvje\\u0161taj\\n\",\"text_align\":\"left\",\"title_element\":\"h2\",\"title_style\":\"h2\"},\"name\":\"1. Handbook for Teachers\"},{\"type\":\"text\",\"props\":{\"class\":\"color-w\",\"column_breakpoint\":\"m\",\"content\":\"Struktura EPIC projekta ima za cilj da prepozna transformativnu ulogu koju aktivno gra\\u0111anstvo mo\\u017ee imati u dru\\u0161tvu, postavljaju\\u0107i temelje za akcije i inicijative koje vode gra\\u0111ani s ciljem rje\\u0161avanja dru\\u0161tvenih pitanja i izazova, djeluju\\u0107i kao pokreta\\u010d promjena.\\n\",\"css\":\".el-element{\\n    color:#000000; \\n}\",\"margin\":\"default\"},\"name\":\"Handbook text\"},{\"type\":\"button\",\"props\":{\"grid_column_gap\":\"small\",\"grid_row_gap\":\"small\",\"margin\":\"default\"},\"children\":[{\"type\":\"button_item\",\"props\":{\"button_style\":\"default\",\"content\":\"Pro\\u010ditajte izvje\\u0161taj\",\"dialog_layout\":\"modal\",\"dialog_offcanvas_flip\":true,\"icon_align\":\"left\",\"link\":\"wp-content\\\/uploads\\\/2024\\\/09\\\/EPIC_Albania_National-Report_fv.docx.pdf\",\"link_target\":\"blank\"}}],\"name\":\"Handbook (EN)\"}]},{\"type\":\"column\",\"props\":{\"image_position\":\"center-center\",\"position_sticky_breakpoint\":\"m\",\"width_medium\":\"1-2\"},\"children\":[{\"type\":\"headline\",\"props\":{\"content\":\"Bosna i Hercegovina \\u2013 Nacionalni izvje\\u0161taj\\n\",\"text_align\":\"left\",\"title_element\":\"h2\",\"title_style\":\"h2\"},\"name\":\"2. AR case studies\"},{\"type\":\"text\",\"props\":{\"class\":\"color-w\",\"column_breakpoint\":\"m\",\"content\":\"Nacionalni izvje\\u0161taj o dru\\u0161tvenom poduzetni\\u0161tvu i aktivnom gra\\u0111anstvu mladih u Bosni i Hercegovini sintetizira nalaze iz sveobuhvatnih istra\\u017eivanja na terenu i analize dokumenata provedenih \\u0161irom zemlje.\\n\",\"css\":\".el-element{\\n    color:#000000; \\n}\",\"margin\":\"default\"},\"name\":\"AR text\"},{\"type\":\"button\",\"props\":{\"grid_column_gap\":\"small\",\"grid_row_gap\":\"small\",\"margin\":\"default\"},\"children\":[{\"type\":\"button_item\",\"props\":{\"button_style\":\"default\",\"content\":\"Pro\\u010ditajte izvje\\u0161taj\",\"dialog_layout\":\"modal\",\"dialog_offcanvas_flip\":true,\"icon_align\":\"left\",\"link\":\"wp-content\\\/uploads\\\/2024\\\/09\\\/EPIC_National_Report_BiH_fv.docx.pdf\",\"link_target\":\"blank\"}}],\"name\":\"Handbook (EN)\"}]}]},{\"type\":\"row\",\"children\":[{\"type\":\"column\",\"props\":{\"image_position\":\"center-center\",\"position_sticky_breakpoint\":\"m\"},\"children\":[{\"type\":\"divider\",\"props\":{\"css\":\".DDel-element {\\n\\tvisibility: hidden;\\n}\",\"divider_element\":\"hr\",\"visibility\":\"hidden-m\"}}]}]},{\"type\":\"row\",\"props\":{\"divider\":true,\"layout\":\"1-2,1-2\",\"margin\":\"large\"},\"children\":[{\"type\":\"column\",\"props\":{\"image_position\":\"center-center\",\"position_sticky_breakpoint\":\"m\",\"width_medium\":\"1-2\"},\"children\":[{\"type\":\"headline\",\"props\":{\"content\":\"Kosovo \\u2013 Nacionalni izvje\\u0161taj\\n\",\"text_align\":\"left\",\"title_element\":\"h2\",\"title_style\":\"h2\"},\"name\":\"3. Toolkit Instruction Videos\"},{\"type\":\"text\",\"props\":{\"class\":\"color-w\",\"column_breakpoint\":\"m\",\"content\":\"Dru\\u0161tveno poduzetni\\u0161tvo u zemlji je jo\\u0161 u po\\u010detnoj fazi. Ekosistem dru\\u0161tvenog poduzetni\\u0161tva razvija se na Kosovu kroz niz programa za mlade koji \\u017eele pokrenuti vlastiti biznis s ciljem unapre\\u0111enja svojih zajednica.\\n\",\"css\":\".el-element{\\n    color:#000000; \\n}\",\"margin\":\"default\"}},{\"type\":\"button\",\"props\":{\"grid_column_gap\":\"small\",\"grid_row_gap\":\"small\",\"margin\":\"default\"},\"children\":[{\"type\":\"button_item\",\"props\":{\"button_style\":\"default\",\"content\":\"Pro\\u010ditajte izvje\\u0161taj\",\"dialog_layout\":\"modal\",\"dialog_offcanvas_flip\":true,\"icon_align\":\"left\",\"link\":\"wp-content\\\/uploads\\\/2024\\\/09\\\/EPIC_National_Report_Kosovo_fv.docx.pdf\",\"link_target\":\"blank\"}}],\"name\":\"WATCH THE VIDEOS\"}]},{\"type\":\"column\",\"props\":{\"image_position\":\"center-center\",\"position_sticky_breakpoint\":\"m\",\"width_medium\":\"1-2\"},\"children\":[{\"type\":\"headline\",\"props\":{\"content\":\"Transnacionalni izvje\\u0161taj\\n\",\"text_align\":\"left\",\"title_element\":\"h2\",\"title_style\":\"h2\"},\"name\":\"4. Curriculum\"},{\"type\":\"text\",\"props\":{\"class\":\"color-w\",\"column_breakpoint\":\"m\",\"content\":\"Ovaj transnacionalni izvje\\u0161taj predstavlja kulminaciju zajedni\\u010dkog istra\\u017eiva\\u010dkog rada partnera PIF iz Albanije, SMOC iz Bosne i Hercegovine i PEN iz Kosova, pod stru\\u010dnim vo\\u0111stvom KMOP Education and Innovation Hub-a. Proces istra\\u017eivanja uklju\\u010divao je sveobuhvatne metode istra\\u017eivanja trenutnog stanja i stanja na terenu radi prikupljanja podataka i uvida od razli\\u010ditih interesnih strana uklju\\u010denih u omladinsko dru\\u0161tveno poduzetni\\u0161tvo.\\n\",\"css\":\".el-element{\\n    color:#000000; \\n}\",\"margin\":\"default\"}},{\"type\":\"button\",\"props\":{\"grid_column_gap\":\"small\",\"grid_row_gap\":\"small\",\"margin\":\"default\"},\"children\":[{\"type\":\"button_item\",\"props\":{\"button_style\":\"default\",\"content\":\"Pro\\u010ditajte izvje\\u0161taj\",\"dialog_layout\":\"modal\",\"dialog_offcanvas_flip\":true,\"icon_align\":\"left\",\"link\":\"wp-content\\\/uploads\\\/2024\\\/09\\\/WP2_Trasnational-Report_fv.docx.pdf\",\"link_target\":\"blank\"}}],\"name\":\"COMING SOON btn\"}]}]},{\"type\":\"row\",\"children\":[{\"type\":\"column\",\"props\":{\"image_position\":\"center-center\",\"position_sticky_breakpoint\":\"m\"},\"children\":[{\"type\":\"divider\",\"props\":{\"css\":\".el-element {\\n\\tvisibility: hidden;\\n}\",\"divider_element\":\"hr\"}}]}]}]}],\"version\":\"4.5.7\"} --><\/p>\n","protected":false},"excerpt":{"rendered":"<p>Ovaj odjeljak sadr\u017ei objavljene izvje\u0161taje iz projekta, kao \u0161to su Nacionalni i Transnacionalni izvje\u0161taji o mladima i socijalnom preduzetni\u0161tvu, koji sumiraju nalaze iz terenskog i..<\/p>\n","protected":false},"author":1,"featured_media":0,"parent":0,"menu_order":0,"comment_status":"closed","ping_status":"closed","template":"","meta":{"_acf_changed":false,"inline_featured_image":false,"footnotes":""},"class_list":["post-1069","page","type-page","status-publish","hentry"],"acf":[],"_links":{"self":[{"href":"https:\/\/epic-project.eu\/bs\/wp-json\/wp\/v2\/pages\/1069","targetHints":{"allow":["GET"]}}],"collection":[{"href":"https:\/\/epic-project.eu\/bs\/wp-json\/wp\/v2\/pages"}],"about":[{"href":"https:\/\/epic-project.eu\/bs\/wp-json\/wp\/v2\/types\/page"}],"author":[{"embeddable":true,"href":"https:\/\/epic-project.eu\/bs\/wp-json\/wp\/v2\/users\/1"}],"replies":[{"embeddable":true,"href":"https:\/\/epic-project.eu\/bs\/wp-json\/wp\/v2\/comments?post=1069"}],"version-history":[{"count":16,"href":"https:\/\/epic-project.eu\/bs\/wp-json\/wp\/v2\/pages\/1069\/revisions"}],"predecessor-version":[{"id":1969,"href":"https:\/\/epic-project.eu\/bs\/wp-json\/wp\/v2\/pages\/1069\/revisions\/1969"}],"wp:attachment":[{"href":"https:\/\/epic-project.eu\/bs\/wp-json\/wp\/v2\/media?parent=1069"}],"curies":[{"name":"wp","href":"https:\/\/api.w.org\/{rel}","templated":true}]}}